{"id":173,"date":"2023-12-17T11:20:39","date_gmt":"2023-12-17T10:20:39","guid":{"rendered":"https:\/\/carole-boucher-avocat.fr\/?page_id=173"},"modified":"2023-12-17T15:48:53","modified_gmt":"2023-12-17T14:48:53","slug":"about-us","status":"publish","type":"page","link":"https:\/\/carole-boucher-avocat.fr\/?page_id=173","title":{"rendered":"Comp\u00e9tences"},"content":{"rendered":"\n<div class=\"wp-block-group has-global-padding is-layout-constrained wp-container-core-group-layout-1 wp-block-group-is-layout-constrained\">\n<div style=\"height:50px\" aria-hidden=\"true\" class=\"wp-block-spacer\"><\/div>\n\n\n\n<div class=\"wp-block-columns aboutus-main is-layout-flex wp-container-core-columns-layout-2 wp-block-columns-is-layout-flex\">\n<div class=\"wp-block-column is-vertically-aligned-center is-layout-flow wp-block-column-is-layout-flow\" style=\"flex-basis:33.33%\">\n<figure class=\"wp-block-image size-full aboutus-img\"><img loading=\"lazy\" decoding=\"async\" width=\"512\" height=\"512\" src=\"http:\/\/carole-boucher-avocat.fr\/wp-content\/uploads\/2023\/12\/cropped-1-selectionne-2.png\" alt=\"\" class=\"wp-image-75\" style=\"aspect-ratio:1;object-fit:cover\" srcset=\"https:\/\/carole-boucher-avocat.fr\/wp-content\/uploads\/2023\/12\/cropped-1-selectionne-2.png 512w, https:\/\/carole-boucher-avocat.fr\/wp-content\/uploads\/2023\/12\/cropped-1-selectionne-2-300x300.png 300w, https:\/\/carole-boucher-avocat.fr\/wp-content\/uploads\/2023\/12\/cropped-1-selectionne-2-150x150.png 150w, https:\/\/carole-boucher-avocat.fr\/wp-content\/uploads\/2023\/12\/cropped-1-selectionne-2-270x270.png 270w, https:\/\/carole-boucher-avocat.fr\/wp-content\/uploads\/2023\/12\/cropped-1-selectionne-2-192x192.png 192w, https:\/\/carole-boucher-avocat.fr\/wp-content\/uploads\/2023\/12\/cropped-1-selectionne-2-180x180.png 180w, https:\/\/carole-boucher-avocat.fr\/wp-content\/uploads\/2023\/12\/cropped-1-selectionne-2-32x32.png 32w\" sizes=\"(max-width: 512px) 100vw, 512px\" \/><\/figure>\n<\/div>\n\n\n\n<div class=\"wp-block-column aboutus-green-box has-primary-background-color has-background is-layout-flow wp-block-column-is-layout-flow\" style=\"padding-top:var(--wp--preset--spacing--60);padding-right:var(--wp--preset--spacing--80);padding-bottom:var(--wp--preset--spacing--60);padding-left:var(--wp--preset--spacing--80);flex-basis:66.66%\">\n<div class=\"wp-block-columns are-vertically-aligned-center is-layout-flex wp-container-core-columns-layout-1 wp-block-columns-is-layout-flex\">\n<div class=\"wp-block-column is-vertically-aligned-center aboutus-text-box is-layout-flow wp-block-column-is-layout-flow\" style=\"flex-basis:66.66%\">\n<p class=\"has-base-color has-text-color\">A propos des<\/p>\n\n\n\n<h3 class=\"wp-block-heading has-base-color has-text-color has-extra-large-font-size\" style=\"font-style:normal;font-weight:600;line-height:1.5\">Comp\u00e9tences<\/h3>\n\n\n\n<p class=\"has-base-color has-text-color\">D\u00e9tentrice d&#8217;un master droit priv\u00e9, parcours contentieux, obtenu \u00e0 l&#8217;universit\u00e9 du Mans, Ma\u00eetre Carole BOUCHER a d\u00e9cid\u00e9 de diversifier ses comp\u00e9tences en r\u00e9alisant un dipl\u00f4me universitaire en criminologie.<\/p>\n\n\n\n<p class=\"has-base-color has-text-color\">Ma\u00eetre Carole BOUCHER vous accomple ainsi au plus pr\u00e8s de la r\u00e9alit\u00e9 dans tous vos dossiers relatif au droit de la famille, au divorce,au droit p\u00e9nal et au droit civil.<\/p>\n\n\n\n<div class=\"wp-block-buttons is-layout-flex wp-block-buttons-is-layout-flex\">\n<div class=\"wp-block-button\"><a class=\"wp-block-button__link has-heading-color has-base-background-color has-text-color has-background wp-element-button\">En savoir plus<\/a><\/div>\n<\/div>\n<\/div>\n\n\n\n<div class=\"wp-block-column is-vertically-aligned-center timingdiv-main has-background is-layout-flow wp-block-column-is-layout-flow\" style=\"background-color:#fafafa21;padding-top:var(--wp--preset--spacing--60);padding-right:var(--wp--preset--spacing--60);padding-bottom:var(--wp--preset--spacing--60);padding-left:var(--wp--preset--spacing--60);flex-basis:33.33%\">\n<p class=\"has-text-align-center has-text-color has-link-color has-outfit-font-family wp-elements-c25273e2d9f915e3efb481c2fc835391\" style=\"color:#c5994f;font-style:normal;font-weight:600\">Droit de la famille<\/p>\n\n\n\n<p class=\"has-text-align-center has-text-color has-link-color has-outfit-font-family wp-elements-62e7725f8330871ef7adb07dac1a19fd\" style=\"color:#c5994f;font-style:normal;font-weight:600\">Divorce<\/p>\n\n\n\n<p class=\"has-text-align-center has-text-color has-link-color has-outfit-font-family wp-elements-97778d1ead7fbf2f66ce60dd9e7b392f\" style=\"color:#c5994f;font-style:normal;font-weight:600\">Droit p\u00e9nal<\/p>\n\n\n\n<p class=\"has-text-align-center has-text-color has-link-color has-outfit-font-family wp-elements-5b0cf99e7db55e962a00f40b7c4a0873\" style=\"color:#c5994f;font-style:normal;font-weight:600\">Droit des enfants<\/p>\n\n\n\n<p class=\"has-text-align-center has-text-color has-link-color has-outfit-font-family wp-elements-e82cc332d96235f7d9432250dce65024\" style=\"color:#c5994f;font-style:normal;font-weight:600\">Droit de la responsabilit\u00e9<\/p>\n\n\n\n<p class=\"has-text-align-center has-text-color has-link-color has-outfit-font-family wp-elements-b76859437e1c6546b09e886b3e1ac57b\" style=\"color:#c5994f;font-style:normal;font-weight:600\">Droit civil<\/p>\n<\/div>\n<\/div>\n<\/div>\n<\/div>\n<\/div>\n","protected":false},"excerpt":{"rendered":"<p>A propos des Comp\u00e9tences D\u00e9tentrice d&#8217;un master droit priv\u00e9, parcours contentieux, obtenu \u00e0 l&#8217;universit\u00e9 du Mans, Ma\u00eetre Carole BOUCHER a d\u00e9cid\u00e9 de diversifier ses comp\u00e9tences en r\u00e9alisant un dipl\u00f4me universitaire en criminologie. Ma\u00eetre Carole BOUCHER vous accomple ainsi au plus pr\u00e8s de la r\u00e9alit\u00e9 dans tous vos dossiers relatif au droit de la famille, au [&hellip;]<\/p>\n","protected":false},"author":1,"featured_media":0,"parent":0,"menu_order":0,"comment_status":"closed","ping_status":"closed","template":"","meta":{"footnotes":""},"yoast_head":"<!-- This site is optimized with the Yoast SEO plugin v22.0 - https:\/\/yoast.com\/wordpress\/plugins\/seo\/ -->\n<title>Comp\u00e9tences - Ma\u00eetre Carole BOUCHER<\/title>\n<meta name=\"robots\" content=\"index, follow, max-snippet:-1, max-image-preview:large, max-video-preview:-1\" \/>\n<link rel=\"canonical\" href=\"https:\/\/carole-boucher-avocat.fr\/?page_id=173\" \/>\n<meta property=\"og:locale\" content=\"en_US\" \/>\n<meta property=\"og:type\" content=\"article\" \/>\n<meta property=\"og:title\" content=\"Comp\u00e9tences - Ma\u00eetre Carole BOUCHER\" \/>\n<meta property=\"og:description\" content=\"A propos des Comp\u00e9tences D\u00e9tentrice d&#8217;un master droit priv\u00e9, parcours contentieux, obtenu \u00e0 l&#8217;universit\u00e9 du Mans, Ma\u00eetre Carole BOUCHER a d\u00e9cid\u00e9 de diversifier ses comp\u00e9tences en r\u00e9alisant un dipl\u00f4me universitaire en criminologie. Ma\u00eetre Carole BOUCHER vous accomple ainsi au plus pr\u00e8s de la r\u00e9alit\u00e9 dans tous vos dossiers relatif au droit de la famille, au [&hellip;]\" \/>\n<meta property=\"og:url\" content=\"https:\/\/carole-boucher-avocat.fr\/?page_id=173\" \/>\n<meta property=\"og:site_name\" content=\"Ma\u00eetre Carole BOUCHER\" \/>\n<meta property=\"article:modified_time\" content=\"2023-12-17T14:48:53+00:00\" \/>\n<meta property=\"og:image\" content=\"http:\/\/carole-boucher-avocat.fr\/wp-content\/uploads\/2023\/12\/cropped-1-selectionne-2.png\" \/>\n<meta name=\"twitter:card\" content=\"summary_large_image\" \/>\n<script type=\"application\/ld+json\" class=\"yoast-schema-graph\">{\"@context\":\"https:\/\/schema.org\",\"@graph\":[{\"@type\":\"WebPage\",\"@id\":\"https:\/\/carole-boucher-avocat.fr\/?page_id=173\",\"url\":\"https:\/\/carole-boucher-avocat.fr\/?page_id=173\",\"name\":\"Comp\u00e9tences - Ma\u00eetre Carole BOUCHER\",\"isPartOf\":{\"@id\":\"https:\/\/carole-boucher-avocat.fr\/#website\"},\"datePublished\":\"2023-12-17T10:20:39+00:00\",\"dateModified\":\"2023-12-17T14:48:53+00:00\",\"breadcrumb\":{\"@id\":\"https:\/\/carole-boucher-avocat.fr\/?page_id=173#breadcrumb\"},\"inLanguage\":\"en-US\",\"potentialAction\":[{\"@type\":\"ReadAction\",\"target\":[\"https:\/\/carole-boucher-avocat.fr\/?page_id=173\"]}]},{\"@type\":\"BreadcrumbList\",\"@id\":\"https:\/\/carole-boucher-avocat.fr\/?page_id=173#breadcrumb\",\"itemListElement\":[{\"@type\":\"ListItem\",\"position\":1,\"name\":\"Accueil\",\"item\":\"https:\/\/carole-boucher-avocat.fr\/\"},{\"@type\":\"ListItem\",\"position\":2,\"name\":\"Comp\u00e9tences\"}]},{\"@type\":\"WebSite\",\"@id\":\"https:\/\/carole-boucher-avocat.fr\/#website\",\"url\":\"https:\/\/carole-boucher-avocat.fr\/\",\"name\":\"Ma\u00eetre Carole BOUCHER\",\"description\":\"\",\"publisher\":{\"@id\":\"https:\/\/carole-boucher-avocat.fr\/#\/schema\/person\/f13cebb8df70afa6d45888aac29c34c1\"},\"potentialAction\":[{\"@type\":\"SearchAction\",\"target\":{\"@type\":\"EntryPoint\",\"urlTemplate\":\"https:\/\/carole-boucher-avocat.fr\/?s={search_term_string}\"},\"query-input\":\"required name=search_term_string\"}],\"inLanguage\":\"en-US\"},{\"@type\":[\"Person\",\"Organization\"],\"@id\":\"https:\/\/carole-boucher-avocat.fr\/#\/schema\/person\/f13cebb8df70afa6d45888aac29c34c1\",\"name\":\"carole-boucher-avocat.fr\",\"image\":{\"@type\":\"ImageObject\",\"inLanguage\":\"en-US\",\"@id\":\"https:\/\/carole-boucher-avocat.fr\/#\/schema\/person\/image\/\",\"url\":\"https:\/\/carole-boucher-avocat.fr\/wp-content\/uploads\/2023\/12\/cropped-1-selectionne-1.png\",\"contentUrl\":\"https:\/\/carole-boucher-avocat.fr\/wp-content\/uploads\/2023\/12\/cropped-1-selectionne-1.png\",\"width\":240,\"height\":240,\"caption\":\"carole-boucher-avocat.fr\"},\"logo\":{\"@id\":\"https:\/\/carole-boucher-avocat.fr\/#\/schema\/person\/image\/\"},\"sameAs\":[\"http:\/\/carole-boucher-avocat.fr\"]}]}<\/script>\n<!-- \/ Yoast SEO plugin. -->","yoast_head_json":{"title":"Comp\u00e9tences - Ma\u00eetre Carole BOUCHER","robots":{"index":"index","follow":"follow","max-snippet":"max-snippet:-1","max-image-preview":"max-image-preview:large","max-video-preview":"max-video-preview:-1"},"canonical":"https:\/\/carole-boucher-avocat.fr\/?page_id=173","og_locale":"en_US","og_type":"article","og_title":"Comp\u00e9tences - Ma\u00eetre Carole BOUCHER","og_description":"A propos des Comp\u00e9tences D\u00e9tentrice d&#8217;un master droit priv\u00e9, parcours contentieux, obtenu \u00e0 l&#8217;universit\u00e9 du Mans, Ma\u00eetre Carole BOUCHER a d\u00e9cid\u00e9 de diversifier ses comp\u00e9tences en r\u00e9alisant un dipl\u00f4me universitaire en criminologie. Ma\u00eetre Carole BOUCHER vous accomple ainsi au plus pr\u00e8s de la r\u00e9alit\u00e9 dans tous vos dossiers relatif au droit de la famille, au [&hellip;]","og_url":"https:\/\/carole-boucher-avocat.fr\/?page_id=173","og_site_name":"Ma\u00eetre Carole BOUCHER","article_modified_time":"2023-12-17T14:48:53+00:00","og_image":[{"url":"http:\/\/carole-boucher-avocat.fr\/wp-content\/uploads\/2023\/12\/cropped-1-selectionne-2.png"}],"twitter_card":"summary_large_image","schema":{"@context":"https:\/\/schema.org","@graph":[{"@type":"WebPage","@id":"https:\/\/carole-boucher-avocat.fr\/?page_id=173","url":"https:\/\/carole-boucher-avocat.fr\/?page_id=173","name":"Comp\u00e9tences - Ma\u00eetre Carole BOUCHER","isPartOf":{"@id":"https:\/\/carole-boucher-avocat.fr\/#website"},"datePublished":"2023-12-17T10:20:39+00:00","dateModified":"2023-12-17T14:48:53+00:00","breadcrumb":{"@id":"https:\/\/carole-boucher-avocat.fr\/?page_id=173#breadcrumb"},"inLanguage":"en-US","potentialAction":[{"@type":"ReadAction","target":["https:\/\/carole-boucher-avocat.fr\/?page_id=173"]}]},{"@type":"BreadcrumbList","@id":"https:\/\/carole-boucher-avocat.fr\/?page_id=173#breadcrumb","itemListElement":[{"@type":"ListItem","position":1,"name":"Accueil","item":"https:\/\/carole-boucher-avocat.fr\/"},{"@type":"ListItem","position":2,"name":"Comp\u00e9tences"}]},{"@type":"WebSite","@id":"https:\/\/carole-boucher-avocat.fr\/#website","url":"https:\/\/carole-boucher-avocat.fr\/","name":"Ma\u00eetre Carole BOUCHER","description":"","publisher":{"@id":"https:\/\/carole-boucher-avocat.fr\/#\/schema\/person\/f13cebb8df70afa6d45888aac29c34c1"},"potentialAction":[{"@type":"SearchAction","target":{"@type":"EntryPoint","urlTemplate":"https:\/\/carole-boucher-avocat.fr\/?s={search_term_string}"},"query-input":"required name=search_term_string"}],"inLanguage":"en-US"},{"@type":["Person","Organization"],"@id":"https:\/\/carole-boucher-avocat.fr\/#\/schema\/person\/f13cebb8df70afa6d45888aac29c34c1","name":"carole-boucher-avocat.fr","image":{"@type":"ImageObject","inLanguage":"en-US","@id":"https:\/\/carole-boucher-avocat.fr\/#\/schema\/person\/image\/","url":"https:\/\/carole-boucher-avocat.fr\/wp-content\/uploads\/2023\/12\/cropped-1-selectionne-1.png","contentUrl":"https:\/\/carole-boucher-avocat.fr\/wp-content\/uploads\/2023\/12\/cropped-1-selectionne-1.png","width":240,"height":240,"caption":"carole-boucher-avocat.fr"},"logo":{"@id":"https:\/\/carole-boucher-avocat.fr\/#\/schema\/person\/image\/"},"sameAs":["http:\/\/carole-boucher-avocat.fr"]}]}},"_links":{"self":[{"href":"https:\/\/carole-boucher-avocat.fr\/index.php?rest_route=\/wp\/v2\/pages\/173"}],"collection":[{"href":"https:\/\/carole-boucher-avocat.fr\/index.php?rest_route=\/wp\/v2\/pages"}],"about":[{"href":"https:\/\/carole-boucher-avocat.fr\/index.php?rest_route=\/wp\/v2\/types\/page"}],"author":[{"embeddable":true,"href":"https:\/\/carole-boucher-avocat.fr\/index.php?rest_route=\/wp\/v2\/users\/1"}],"replies":[{"embeddable":true,"href":"https:\/\/carole-boucher-avocat.fr\/index.php?rest_route=%2Fwp%2Fv2%2Fcomments&post=173"}],"version-history":[{"count":5,"href":"https:\/\/carole-boucher-avocat.fr\/index.php?rest_route=\/wp\/v2\/pages\/173\/revisions"}],"predecessor-version":[{"id":247,"href":"https:\/\/carole-boucher-avocat.fr\/index.php?rest_route=\/wp\/v2\/pages\/173\/revisions\/247"}],"wp:attachment":[{"href":"https:\/\/carole-boucher-avocat.fr\/index.php?rest_route=%2Fwp%2Fv2%2Fmedia&parent=173"}],"curies":[{"name":"wp","href":"https:\/\/api.w.org\/{rel}","templated":true}]}}