{"id":236,"date":"2023-12-17T15:27:40","date_gmt":"2023-12-17T14:27:40","guid":{"rendered":"https:\/\/carole-boucher-avocat.fr\/?page_id=236"},"modified":"2023-12-23T21:41:56","modified_gmt":"2023-12-23T20:41:56","slug":"droit-de-la-famille","status":"publish","type":"page","link":"https:\/\/carole-boucher-avocat.fr\/?page_id=236","title":{"rendered":"Droit de la famille"},"content":{"rendered":"\n<p><\/p>\n\n\n\n<div class=\"wp-block-media-text is-stacked-on-mobile\" style=\"grid-template-columns:48% auto\"><figure class=\"wp-block-media-text__media\"><img loading=\"lazy\" decoding=\"async\" width=\"612\" height=\"408\" src=\"https:\/\/carole-boucher-avocat.fr\/wp-content\/uploads\/2023\/12\/istockphoto-1333421930-612x612-1.jpg\" alt=\"\" class=\"wp-image-237 size-full\"\/><\/figure><div class=\"wp-block-media-text__content\">\n<div class=\"wp-block-group has-global-padding is-layout-constrained wp-block-group-is-layout-constrained\">\n<div class=\"wp-block-group has-border-color has-black-border-color has-black-color has-text-color has-background has-link-color wp-elements-709f0a3824d8d932762b76bddeb28fa8 has-global-padding is-layout-constrained wp-block-group-is-layout-constrained\" style=\"border-width:1px;background:linear-gradient(135deg,rgb(21,67,128) 0%,rgba(79,180,196,0.4) 100%)\">\n<p class=\"has-text-align-center has-outfit-font-family has-small-font-size\" style=\"font-style:normal;font-weight:500\">Juge aux Affaires Familiales<\/p>\n\n\n\n<p class=\"has-text-align-center has-outfit-font-family has-small-font-size\" style=\"font-style:normal;font-weight:500\">Juge des enfants<\/p>\n\n\n\n<p class=\"has-text-align-center has-outfit-font-family has-small-font-size\" style=\"font-style:normal;font-weight:500\">Liquidation du r\u00e9gime matrimonial<\/p>\n\n\n\n<p class=\"has-text-align-center has-outfit-font-family has-small-font-size\" style=\"font-style:normal;font-weight:500\">Succession<\/p>\n\n\n\n<p class=\"has-text-align-center has-outfit-font-family has-small-font-size\" style=\"font-style:normal;font-weight:500\">Adoption<\/p>\n\n\n\n<p class=\"has-text-align-center has-outfit-font-family has-small-font-size\" style=\"font-style:normal;font-weight:500\">PACS<\/p>\n<\/div>\n<\/div>\n<\/div><\/div>\n\n\n\n<hr class=\"wp-block-separator has-alpha-channel-opacity\"\/>\n\n\n\n<p class=\"has-text-color has-link-color has-regular-font-size wp-elements-06e55f355f3b2279a92f68d20365adf7\" style=\"color:#c5994f;font-style:italic;font-weight:300\">Vous souhaitez d\u00e9fendre vos int\u00e9r\u00eats contre un membre de votre famille ou ceux de vos enfants ?<\/p>\n\n\n\n<p class=\"has-black-color has-text-color has-link-color has-outfit-font-family has-small-font-size wp-elements-2b09df99a7252a1b63240e4bfd0cd22b\">Ma\u00eetre Carole BOUCHER se charge de vous \u00e9clairer sur toutes les probl\u00e9matiques que vous rencontrez vis-\u00e0-vis d&#8217;un membre de votre famille (adoption, liquidation de r\u00e9gime matrimonial, succession).<\/p>\n\n\n\n<p class=\"has-black-color has-text-color has-link-color has-outfit-font-family has-small-font-size wp-elements-9272fd2e37e68c41f8462a5304ca058f\"><strong>Si vous n&#8217;\u00eates pas mari\u00e9 et que vous souhaitez prot\u00e9ger les int\u00e9r\u00eats de vos enfants<\/strong>, Ma\u00eetre Carole BOUCHER d\u00e9posera une requ\u00eate devant le Juge aux affaires familiales afin de pr\u00e9ciser les modalit\u00e9s d&#8217;exercice de l&#8217;autorit\u00e9 parentale, fixer la r\u00e9sidence habituelle de vos enfants ou encore le montant de la contribution \u00e0 l&#8217;entretien et l&#8217;\u00e9ducation de vos enfants.<\/p>\n\n\n\n<p class=\"has-black-color has-text-color has-link-color has-outfit-font-family has-small-font-size wp-elements-ac13d19dd02127298d267b9e3184ef87\">Par ailleurs, Ma\u00eetre Carole BOUCHER <strong>d\u00e9fend les int\u00e9r\u00eats de vos enfants<\/strong> au cours de la <strong>proc\u00e9dure d&#8217;assistance \u00e9ducative<\/strong> devant le Juge des enfants.<\/p>\n","protected":false},"excerpt":{"rendered":"<p>Vous souhaitez d\u00e9fendre vos int\u00e9r\u00eats contre un membre de votre famille ou ceux de vos enfants ? Ma\u00eetre Carole BOUCHER se charge de vous \u00e9clairer sur toutes les probl\u00e9matiques que vous rencontrez vis-\u00e0-vis d&#8217;un membre de votre famille (adoption, liquidation de r\u00e9gime matrimonial, succession). Si vous n&#8217;\u00eates pas mari\u00e9 et que vous souhaitez prot\u00e9ger les [&hellip;]<\/p>\n","protected":false},"author":1,"featured_media":0,"parent":0,"menu_order":0,"comment_status":"closed","ping_status":"closed","template":"","meta":{"footnotes":""},"yoast_head":"<!-- This site is optimized with the Yoast SEO plugin v22.0 - https:\/\/yoast.com\/wordpress\/plugins\/seo\/ -->\n<title>Droit de la famille - Ma\u00eetre Carole BOUCHER<\/title>\n<meta name=\"robots\" content=\"index, follow, max-snippet:-1, max-image-preview:large, max-video-preview:-1\" \/>\n<link rel=\"canonical\" href=\"https:\/\/carole-boucher-avocat.fr\/?page_id=236\" \/>\n<meta property=\"og:locale\" content=\"en_US\" \/>\n<meta property=\"og:type\" content=\"article\" \/>\n<meta property=\"og:title\" content=\"Droit de la famille - Ma\u00eetre Carole BOUCHER\" \/>\n<meta property=\"og:description\" content=\"Vous souhaitez d\u00e9fendre vos int\u00e9r\u00eats contre un membre de votre famille ou ceux de vos enfants ? Ma\u00eetre Carole BOUCHER se charge de vous \u00e9clairer sur toutes les probl\u00e9matiques que vous rencontrez vis-\u00e0-vis d&#8217;un membre de votre famille (adoption, liquidation de r\u00e9gime matrimonial, succession). Si vous n&#8217;\u00eates pas mari\u00e9 et que vous souhaitez prot\u00e9ger les [&hellip;]\" \/>\n<meta property=\"og:url\" content=\"https:\/\/carole-boucher-avocat.fr\/?page_id=236\" \/>\n<meta property=\"og:site_name\" content=\"Ma\u00eetre Carole BOUCHER\" \/>\n<meta property=\"article:modified_time\" content=\"2023-12-23T20:41:56+00:00\" \/>\n<meta property=\"og:image\" content=\"https:\/\/carole-boucher-avocat.fr\/wp-content\/uploads\/2023\/12\/istockphoto-1333421930-612x612-1.jpg\" \/>\n<meta name=\"twitter:card\" content=\"summary_large_image\" \/>\n<meta name=\"twitter:label1\" content=\"Est. reading time\" \/>\n\t<meta name=\"twitter:data1\" content=\"1 minute\" \/>\n<script type=\"application\/ld+json\" class=\"yoast-schema-graph\">{\"@context\":\"https:\/\/schema.org\",\"@graph\":[{\"@type\":\"WebPage\",\"@id\":\"https:\/\/carole-boucher-avocat.fr\/?page_id=236\",\"url\":\"https:\/\/carole-boucher-avocat.fr\/?page_id=236\",\"name\":\"Droit de la famille - Ma\u00eetre Carole BOUCHER\",\"isPartOf\":{\"@id\":\"https:\/\/carole-boucher-avocat.fr\/#website\"},\"datePublished\":\"2023-12-17T14:27:40+00:00\",\"dateModified\":\"2023-12-23T20:41:56+00:00\",\"breadcrumb\":{\"@id\":\"https:\/\/carole-boucher-avocat.fr\/?page_id=236#breadcrumb\"},\"inLanguage\":\"en-US\",\"potentialAction\":[{\"@type\":\"ReadAction\",\"target\":[\"https:\/\/carole-boucher-avocat.fr\/?page_id=236\"]}]},{\"@type\":\"BreadcrumbList\",\"@id\":\"https:\/\/carole-boucher-avocat.fr\/?page_id=236#breadcrumb\",\"itemListElement\":[{\"@type\":\"ListItem\",\"position\":1,\"name\":\"Accueil\",\"item\":\"https:\/\/carole-boucher-avocat.fr\/\"},{\"@type\":\"ListItem\",\"position\":2,\"name\":\"Droit de la famille\"}]},{\"@type\":\"WebSite\",\"@id\":\"https:\/\/carole-boucher-avocat.fr\/#website\",\"url\":\"https:\/\/carole-boucher-avocat.fr\/\",\"name\":\"Ma\u00eetre Carole BOUCHER\",\"description\":\"\",\"publisher\":{\"@id\":\"https:\/\/carole-boucher-avocat.fr\/#\/schema\/person\/f13cebb8df70afa6d45888aac29c34c1\"},\"potentialAction\":[{\"@type\":\"SearchAction\",\"target\":{\"@type\":\"EntryPoint\",\"urlTemplate\":\"https:\/\/carole-boucher-avocat.fr\/?s={search_term_string}\"},\"query-input\":\"required name=search_term_string\"}],\"inLanguage\":\"en-US\"},{\"@type\":[\"Person\",\"Organization\"],\"@id\":\"https:\/\/carole-boucher-avocat.fr\/#\/schema\/person\/f13cebb8df70afa6d45888aac29c34c1\",\"name\":\"carole-boucher-avocat.fr\",\"image\":{\"@type\":\"ImageObject\",\"inLanguage\":\"en-US\",\"@id\":\"https:\/\/carole-boucher-avocat.fr\/#\/schema\/person\/image\/\",\"url\":\"https:\/\/carole-boucher-avocat.fr\/wp-content\/uploads\/2023\/12\/cropped-1-selectionne-1.png\",\"contentUrl\":\"https:\/\/carole-boucher-avocat.fr\/wp-content\/uploads\/2023\/12\/cropped-1-selectionne-1.png\",\"width\":240,\"height\":240,\"caption\":\"carole-boucher-avocat.fr\"},\"logo\":{\"@id\":\"https:\/\/carole-boucher-avocat.fr\/#\/schema\/person\/image\/\"},\"sameAs\":[\"http:\/\/carole-boucher-avocat.fr\"]}]}<\/script>\n<!-- \/ Yoast SEO plugin. -->","yoast_head_json":{"title":"Droit de la famille - Ma\u00eetre Carole BOUCHER","robots":{"index":"index","follow":"follow","max-snippet":"max-snippet:-1","max-image-preview":"max-image-preview:large","max-video-preview":"max-video-preview:-1"},"canonical":"https:\/\/carole-boucher-avocat.fr\/?page_id=236","og_locale":"en_US","og_type":"article","og_title":"Droit de la famille - Ma\u00eetre Carole BOUCHER","og_description":"Vous souhaitez d\u00e9fendre vos int\u00e9r\u00eats contre un membre de votre famille ou ceux de vos enfants ? Ma\u00eetre Carole BOUCHER se charge de vous \u00e9clairer sur toutes les probl\u00e9matiques que vous rencontrez vis-\u00e0-vis d&#8217;un membre de votre famille (adoption, liquidation de r\u00e9gime matrimonial, succession). Si vous n&#8217;\u00eates pas mari\u00e9 et que vous souhaitez prot\u00e9ger les [&hellip;]","og_url":"https:\/\/carole-boucher-avocat.fr\/?page_id=236","og_site_name":"Ma\u00eetre Carole BOUCHER","article_modified_time":"2023-12-23T20:41:56+00:00","og_image":[{"url":"https:\/\/carole-boucher-avocat.fr\/wp-content\/uploads\/2023\/12\/istockphoto-1333421930-612x612-1.jpg"}],"twitter_card":"summary_large_image","twitter_misc":{"Est. reading time":"1 minute"},"schema":{"@context":"https:\/\/schema.org","@graph":[{"@type":"WebPage","@id":"https:\/\/carole-boucher-avocat.fr\/?page_id=236","url":"https:\/\/carole-boucher-avocat.fr\/?page_id=236","name":"Droit de la famille - Ma\u00eetre Carole BOUCHER","isPartOf":{"@id":"https:\/\/carole-boucher-avocat.fr\/#website"},"datePublished":"2023-12-17T14:27:40+00:00","dateModified":"2023-12-23T20:41:56+00:00","breadcrumb":{"@id":"https:\/\/carole-boucher-avocat.fr\/?page_id=236#breadcrumb"},"inLanguage":"en-US","potentialAction":[{"@type":"ReadAction","target":["https:\/\/carole-boucher-avocat.fr\/?page_id=236"]}]},{"@type":"BreadcrumbList","@id":"https:\/\/carole-boucher-avocat.fr\/?page_id=236#breadcrumb","itemListElement":[{"@type":"ListItem","position":1,"name":"Accueil","item":"https:\/\/carole-boucher-avocat.fr\/"},{"@type":"ListItem","position":2,"name":"Droit de la famille"}]},{"@type":"WebSite","@id":"https:\/\/carole-boucher-avocat.fr\/#website","url":"https:\/\/carole-boucher-avocat.fr\/","name":"Ma\u00eetre Carole BOUCHER","description":"","publisher":{"@id":"https:\/\/carole-boucher-avocat.fr\/#\/schema\/person\/f13cebb8df70afa6d45888aac29c34c1"},"potentialAction":[{"@type":"SearchAction","target":{"@type":"EntryPoint","urlTemplate":"https:\/\/carole-boucher-avocat.fr\/?s={search_term_string}"},"query-input":"required name=search_term_string"}],"inLanguage":"en-US"},{"@type":["Person","Organization"],"@id":"https:\/\/carole-boucher-avocat.fr\/#\/schema\/person\/f13cebb8df70afa6d45888aac29c34c1","name":"carole-boucher-avocat.fr","image":{"@type":"ImageObject","inLanguage":"en-US","@id":"https:\/\/carole-boucher-avocat.fr\/#\/schema\/person\/image\/","url":"https:\/\/carole-boucher-avocat.fr\/wp-content\/uploads\/2023\/12\/cropped-1-selectionne-1.png","contentUrl":"https:\/\/carole-boucher-avocat.fr\/wp-content\/uploads\/2023\/12\/cropped-1-selectionne-1.png","width":240,"height":240,"caption":"carole-boucher-avocat.fr"},"logo":{"@id":"https:\/\/carole-boucher-avocat.fr\/#\/schema\/person\/image\/"},"sameAs":["http:\/\/carole-boucher-avocat.fr"]}]}},"_links":{"self":[{"href":"https:\/\/carole-boucher-avocat.fr\/index.php?rest_route=\/wp\/v2\/pages\/236"}],"collection":[{"href":"https:\/\/carole-boucher-avocat.fr\/index.php?rest_route=\/wp\/v2\/pages"}],"about":[{"href":"https:\/\/carole-boucher-avocat.fr\/index.php?rest_route=\/wp\/v2\/types\/page"}],"author":[{"embeddable":true,"href":"https:\/\/carole-boucher-avocat.fr\/index.php?rest_route=\/wp\/v2\/users\/1"}],"replies":[{"embeddable":true,"href":"https:\/\/carole-boucher-avocat.fr\/index.php?rest_route=%2Fwp%2Fv2%2Fcomments&post=236"}],"version-history":[{"count":6,"href":"https:\/\/carole-boucher-avocat.fr\/index.php?rest_route=\/wp\/v2\/pages\/236\/revisions"}],"predecessor-version":[{"id":327,"href":"https:\/\/carole-boucher-avocat.fr\/index.php?rest_route=\/wp\/v2\/pages\/236\/revisions\/327"}],"wp:attachment":[{"href":"https:\/\/carole-boucher-avocat.fr\/index.php?rest_route=%2Fwp%2Fv2%2Fmedia&parent=236"}],"curies":[{"name":"wp","href":"https:\/\/api.w.org\/{rel}","templated":true}]}}