{"id":239,"date":"2023-12-17T15:35:07","date_gmt":"2023-12-17T14:35:07","guid":{"rendered":"https:\/\/carole-boucher-avocat.fr\/?page_id=239"},"modified":"2023-12-23T21:45:37","modified_gmt":"2023-12-23T20:45:37","slug":"divorce","status":"publish","type":"page","link":"https:\/\/carole-boucher-avocat.fr\/?page_id=239","title":{"rendered":"Divorce"},"content":{"rendered":"\n<div class=\"wp-block-media-text is-stacked-on-mobile\"><figure class=\"wp-block-media-text__media\"><img loading=\"lazy\" decoding=\"async\" width=\"600\" height=\"400\" src=\"https:\/\/carole-boucher-avocat.fr\/wp-content\/uploads\/2023\/12\/depositphotos_137861608-stock-photo-judge-gavel-deciding-on-marriage.webp\" alt=\"\" class=\"wp-image-240 size-full\"\/><\/figure><div class=\"wp-block-media-text__content\">\n<div class=\"wp-block-group has-global-padding is-layout-constrained wp-block-group-is-layout-constrained\">\n<div class=\"wp-block-group has-border-color has-custom-couleur-1-border-color has-background has-global-padding is-layout-constrained wp-block-group-is-layout-constrained\" style=\"border-width:1px;background:linear-gradient(135deg,rgb(21,67,128) 0%,rgba(79,180,196,0.4) 100%)\">\n<p class=\"has-text-align-center has-black-color has-text-color has-link-color has-outfit-font-family has-small-font-size wp-elements-dc52e18ac1e115ccf4a71f11372fa52a\" style=\"margin-right:var(--wp--preset--spacing--40);margin-left:var(--wp--preset--spacing--40);padding-right:var(--wp--preset--spacing--40);padding-left:var(--wp--preset--spacing--40);font-style:normal;font-weight:500\">Divorce par consentement mutuel<\/p>\n\n\n\n<p class=\"has-text-align-center has-black-color has-text-color has-link-color has-outfit-font-family has-small-font-size wp-elements-eefb240540e5c95149770becd93af28e\" style=\"margin-right:var(--wp--preset--spacing--40);margin-left:var(--wp--preset--spacing--40);padding-right:var(--wp--preset--spacing--40);padding-left:var(--wp--preset--spacing--40);font-style:normal;font-weight:500\">Divorce pour faute<\/p>\n\n\n\n<p class=\"has-text-align-center has-black-color has-text-color has-link-color has-outfit-font-family has-small-font-size wp-elements-528442a52e9fd0f5fa3f6fc2759d7150\" style=\"margin-right:var(--wp--preset--spacing--40);margin-left:var(--wp--preset--spacing--40);padding-right:var(--wp--preset--spacing--40);padding-left:var(--wp--preset--spacing--40);font-style:normal;font-weight:500\">Divorce pour alt\u00e9ration d\u00e9finitive du lien conjugal<\/p>\n\n\n\n<p class=\"has-text-align-center has-black-color has-text-color has-link-color has-outfit-font-family has-small-font-size wp-elements-b9094f73b336603366bb1ac10a36b2b9\" style=\"margin-right:var(--wp--preset--spacing--40);margin-left:var(--wp--preset--spacing--40);padding-right:var(--wp--preset--spacing--40);padding-left:var(--wp--preset--spacing--40);font-style:normal;font-weight:500\">Divorce accept\u00e9<\/p>\n<\/div>\n<\/div>\n<\/div><\/div>\n\n\n\n<hr class=\"wp-block-separator has-alpha-channel-opacity\"\/>\n\n\n\n<p class=\"has-text-color has-link-color has-outfit-font-family has-regular-font-size wp-elements-1360010ab523ae2e77dc3db4d9c73815\" style=\"color:#c5994f;font-style:italic;font-weight:300\">Vous vous demandez comment Ma\u00eetre Carole BOUCHER peut vous aider ?<\/p>\n\n\n\n<p class=\"has-black-color has-text-color has-link-color has-small-font-size wp-elements-f0fc12b214d9c90978554bf850b938a3\">Ma\u00eetre Carole BOUCHER vous conseille pour choisir le type de divorce qui vous convient le mieux et vous accompagne tout au long de la proc\u00e9dure.<\/p>\n\n\n\n<p class=\"has-black-color has-text-color has-link-color has-small-font-size wp-elements-ff6cf56f3ec484fd3a1df76f134e7649\"><strong>Si vous souhaitez divorcer amiablement<\/strong>, il convient que vous soyez accompagn\u00e9 d&#8217;un avocat. Ma\u00eetre Carole BOUCHER vous assistera pour r\u00e9diger une convention, qui d\u00e9taillera chaque cons\u00e9quence du divorce que ce soit pour vous ou pour vos enfants, avant que cette convention ne soit enregistr\u00e9e chez un notaire.<\/p>\n\n\n\n<p class=\"has-black-color has-text-color has-link-color has-small-font-size wp-elements-2976eb978a206f03252fe82158a4b34f\"><strong>Si vous ne souhaitez pas divorcer amiablement<\/strong>, Ma\u00eetre Carole BOUCHER vous assistera afin que le divorce qui soit prononc\u00e9 corresponde au mieux \u00e0 votre situation et vos attentes entre :<\/p>\n\n\n\n<ul class=\"has-black-color has-text-color has-link-color wp-elements-4b074ae4f8f3ecd9fa9823541b93db75\">\n<li class=\"has-small-font-size\"><strong>Le divorce pour faute<\/strong> visant \u00e0 sanctionner une violation grave et renouvel\u00e9e des obligations du mariage ;<\/li>\n\n\n\n<li class=\"has-small-font-size\"><strong>Le divorce pour alt\u00e9ration d\u00e9finitive du lien conjugal<\/strong> concernant les \u00e9poux qui vivent s\u00e9par\u00e9ment depuis 12 mois et ont cess\u00e9 toute communaut\u00e9 de vie ;<\/li>\n\n\n\n<li class=\"has-small-font-size\"><strong>Le divorce accept\u00e9 <\/strong>visant \u00e0 accepter le principe de divorcer et \u00e9tablir les diff\u00e9rentes cons\u00e9quences du divorce.<\/li>\n<\/ul>\n\n\n\n<hr class=\"wp-block-separator has-alpha-channel-opacity\"\/>\n\n\n\n<p class=\"has-text-color has-link-color has-outfit-font-family has-regular-font-size wp-elements-0fb90678b4ee1a0e02aa209a3da97827\" style=\"color:#c5994f;font-style:italic;font-weight:300\">Lors du rendez-vous client,<\/p>\n\n\n\n<p class=\"has-black-color has-text-color has-link-color has-small-font-size wp-elements-fa774ded1351d419ce697f3c4b2561e9\">Ma\u00eetre Carole BOUCHER abordera avec vous en rendez-vous client chaque cons\u00e9quence du divorce, que ce soit :<\/p>\n\n\n\n<ul class=\"has-black-color has-text-color has-link-color wp-elements-0af2f5a9b598760db8fc68adb4d1caf5\">\n<li class=\"has-small-font-size\"><strong>pour les \u00e9poux<\/strong> (le motif du divorce, l&#8217;usage du nom de famille, la proposition de partage des int\u00e9r\u00eats p\u00e9cuniaires soit le partage des biens communs, la demande de prestation compensatoire visant \u00e0 compenser la disparit\u00e9 cr\u00e9\u00e9e par le divorce entre les conditions de vie respective&#8230;)<\/li>\n\n\n\n<li class=\"has-small-font-size\"><strong>pour les enfants <\/strong>(l&#8217;exercice de l&#8217;autorit\u00e9 parentale, la fixation de la r\u00e9sidence des enfants, les droits de visite et h\u00e9bergement, la contribution due au titre de l&#8217;entretien et l&#8217;\u00e9ducation de vos enfants).<\/li>\n<\/ul>\n\n\n\n<p class=\"has-black-color has-text-color has-link-color has-small-font-size wp-elements-acae66450808d5e06b932cde530b2968\">Il convient de souligner que <strong>certaines des mesures peuvent \u00eatre fix\u00e9es \u00e0 titre provisoire<\/strong> par le juge aux affaires familiales lors du premi\u00e8re audience, que ce soit concernant les enfants ou les \u00e9poux.<\/p>\n\n\n\n<hr class=\"wp-block-separator has-alpha-channel-opacity\"\/>\n\n\n\n<blockquote class=\"wp-block-quote has-black-color has-base-background-color has-text-color has-background has-link-color has-medium-font-size wp-elements-fce2e54983b84a563c29b02690145285\">\n<p class=\"has-text-color has-link-color has-regular-font-size wp-elements-f0a13c6bae707a5043c0a819311c0c60\" style=\"color:#c5994f;font-style:italic;font-weight:300\">Vous \u00eates victime de violences conjugales et vous souhaitez \u00eatre prot\u00e9g\u00e9e ? <\/p>\n<cite><strong>Les violences conjugales<\/strong>, d&#8217;ordre physique, psychologique, financi\u00e8re, sont une des pr\u00e9occupations majeures du Tribunal. Elles sont une source de souffrance pour les victimes directes ou pour les enfants. Ma\u00eetre Carole BOUCHER vous assiste lors du <strong>d\u00e9p\u00f4t de plainte <\/strong>\u00e0 la gendarmerie et dans la proc\u00e9dure visant \u00e0 condamner votre conjoint. Dans le cadre de la proc\u00e9dure du divorce, les violences conjugales sont un motif justifiant<strong> le prononc\u00e9 du divorce aux torts exclusifs <\/strong>de votre conjoint et justifiant l&#8217;octroi de <strong>dommages et int\u00e9r\u00eats<\/strong>. <\/cite><\/blockquote>\n\n\n\n<div class=\"wp-block-columns has-background is-layout-flex wp-container-core-columns-layout-1 wp-block-columns-is-layout-flex\" style=\"border-width:1px;background-color:#c5994f\">\n<div class=\"wp-block-column is-layout-flow wp-block-column-is-layout-flow\" style=\"flex-basis:100%\">\n<p class=\"has-text-align-center has-black-color has-text-color has-link-color has-small-font-size wp-elements-ffdded24de9dff898e85cc694979333b\">&nbsp;\u2192 &nbsp;\u2192 <strong>Une ordonnance de protection<\/strong> peut \u00eatre d\u00e9livr\u00e9e \u00e0 l&#8217;encontre de votre conjoint, partenaire de PACS, ancien conjoint, partenaire de PACS, concubin et ce m\u00eame sans cohabitation, si vous \u00eates victime de violence et en danger imm\u00e9diat.<\/p>\n<\/div>\n<\/div>\n","protected":false},"excerpt":{"rendered":"<p>Vous vous demandez comment Ma\u00eetre Carole BOUCHER peut vous aider ? Ma\u00eetre Carole BOUCHER vous conseille pour choisir le type de divorce qui vous convient le mieux et vous accompagne tout au long de la proc\u00e9dure. Si vous souhaitez divorcer amiablement, il convient que vous soyez accompagn\u00e9 d&#8217;un avocat. Ma\u00eetre Carole BOUCHER vous assistera pour [&hellip;]<\/p>\n","protected":false},"author":1,"featured_media":0,"parent":0,"menu_order":0,"comment_status":"closed","ping_status":"closed","template":"","meta":{"footnotes":""},"yoast_head":"<!-- This site is optimized with the Yoast SEO plugin v22.0 - https:\/\/yoast.com\/wordpress\/plugins\/seo\/ -->\n<title>Divorce - Ma\u00eetre Carole BOUCHER<\/title>\n<meta name=\"robots\" content=\"index, follow, max-snippet:-1, max-image-preview:large, max-video-preview:-1\" \/>\n<link rel=\"canonical\" href=\"https:\/\/carole-boucher-avocat.fr\/?page_id=239\" \/>\n<meta property=\"og:locale\" content=\"en_US\" \/>\n<meta property=\"og:type\" content=\"article\" \/>\n<meta property=\"og:title\" content=\"Divorce - Ma\u00eetre Carole BOUCHER\" \/>\n<meta property=\"og:description\" content=\"Vous vous demandez comment Ma\u00eetre Carole BOUCHER peut vous aider ? Ma\u00eetre Carole BOUCHER vous conseille pour choisir le type de divorce qui vous convient le mieux et vous accompagne tout au long de la proc\u00e9dure. Si vous souhaitez divorcer amiablement, il convient que vous soyez accompagn\u00e9 d&#8217;un avocat. Ma\u00eetre Carole BOUCHER vous assistera pour [&hellip;]\" \/>\n<meta property=\"og:url\" content=\"https:\/\/carole-boucher-avocat.fr\/?page_id=239\" \/>\n<meta property=\"og:site_name\" content=\"Ma\u00eetre Carole BOUCHER\" \/>\n<meta property=\"article:modified_time\" content=\"2023-12-23T20:45:37+00:00\" \/>\n<meta property=\"og:image\" content=\"https:\/\/carole-boucher-avocat.fr\/wp-content\/uploads\/2023\/12\/depositphotos_137861608-stock-photo-judge-gavel-deciding-on-marriage.webp\" \/>\n<meta name=\"twitter:card\" content=\"summary_large_image\" \/>\n<meta name=\"twitter:label1\" content=\"Est. reading time\" \/>\n\t<meta name=\"twitter:data1\" content=\"2 minutes\" \/>\n<script type=\"application\/ld+json\" class=\"yoast-schema-graph\">{\"@context\":\"https:\/\/schema.org\",\"@graph\":[{\"@type\":\"WebPage\",\"@id\":\"https:\/\/carole-boucher-avocat.fr\/?page_id=239\",\"url\":\"https:\/\/carole-boucher-avocat.fr\/?page_id=239\",\"name\":\"Divorce - Ma\u00eetre Carole BOUCHER\",\"isPartOf\":{\"@id\":\"https:\/\/carole-boucher-avocat.fr\/#website\"},\"datePublished\":\"2023-12-17T14:35:07+00:00\",\"dateModified\":\"2023-12-23T20:45:37+00:00\",\"breadcrumb\":{\"@id\":\"https:\/\/carole-boucher-avocat.fr\/?page_id=239#breadcrumb\"},\"inLanguage\":\"en-US\",\"potentialAction\":[{\"@type\":\"ReadAction\",\"target\":[\"https:\/\/carole-boucher-avocat.fr\/?page_id=239\"]}]},{\"@type\":\"BreadcrumbList\",\"@id\":\"https:\/\/carole-boucher-avocat.fr\/?page_id=239#breadcrumb\",\"itemListElement\":[{\"@type\":\"ListItem\",\"position\":1,\"name\":\"Accueil\",\"item\":\"https:\/\/carole-boucher-avocat.fr\/\"},{\"@type\":\"ListItem\",\"position\":2,\"name\":\"Divorce\"}]},{\"@type\":\"WebSite\",\"@id\":\"https:\/\/carole-boucher-avocat.fr\/#website\",\"url\":\"https:\/\/carole-boucher-avocat.fr\/\",\"name\":\"Ma\u00eetre Carole BOUCHER\",\"description\":\"\",\"publisher\":{\"@id\":\"https:\/\/carole-boucher-avocat.fr\/#\/schema\/person\/f13cebb8df70afa6d45888aac29c34c1\"},\"potentialAction\":[{\"@type\":\"SearchAction\",\"target\":{\"@type\":\"EntryPoint\",\"urlTemplate\":\"https:\/\/carole-boucher-avocat.fr\/?s={search_term_string}\"},\"query-input\":\"required name=search_term_string\"}],\"inLanguage\":\"en-US\"},{\"@type\":[\"Person\",\"Organization\"],\"@id\":\"https:\/\/carole-boucher-avocat.fr\/#\/schema\/person\/f13cebb8df70afa6d45888aac29c34c1\",\"name\":\"carole-boucher-avocat.fr\",\"image\":{\"@type\":\"ImageObject\",\"inLanguage\":\"en-US\",\"@id\":\"https:\/\/carole-boucher-avocat.fr\/#\/schema\/person\/image\/\",\"url\":\"https:\/\/carole-boucher-avocat.fr\/wp-content\/uploads\/2023\/12\/cropped-1-selectionne-1.png\",\"contentUrl\":\"https:\/\/carole-boucher-avocat.fr\/wp-content\/uploads\/2023\/12\/cropped-1-selectionne-1.png\",\"width\":240,\"height\":240,\"caption\":\"carole-boucher-avocat.fr\"},\"logo\":{\"@id\":\"https:\/\/carole-boucher-avocat.fr\/#\/schema\/person\/image\/\"},\"sameAs\":[\"http:\/\/carole-boucher-avocat.fr\"]}]}<\/script>\n<!-- \/ Yoast SEO plugin. -->","yoast_head_json":{"title":"Divorce - Ma\u00eetre Carole BOUCHER","robots":{"index":"index","follow":"follow","max-snippet":"max-snippet:-1","max-image-preview":"max-image-preview:large","max-video-preview":"max-video-preview:-1"},"canonical":"https:\/\/carole-boucher-avocat.fr\/?page_id=239","og_locale":"en_US","og_type":"article","og_title":"Divorce - Ma\u00eetre Carole BOUCHER","og_description":"Vous vous demandez comment Ma\u00eetre Carole BOUCHER peut vous aider ? Ma\u00eetre Carole BOUCHER vous conseille pour choisir le type de divorce qui vous convient le mieux et vous accompagne tout au long de la proc\u00e9dure. Si vous souhaitez divorcer amiablement, il convient que vous soyez accompagn\u00e9 d&#8217;un avocat. Ma\u00eetre Carole BOUCHER vous assistera pour [&hellip;]","og_url":"https:\/\/carole-boucher-avocat.fr\/?page_id=239","og_site_name":"Ma\u00eetre Carole BOUCHER","article_modified_time":"2023-12-23T20:45:37+00:00","og_image":[{"url":"https:\/\/carole-boucher-avocat.fr\/wp-content\/uploads\/2023\/12\/depositphotos_137861608-stock-photo-judge-gavel-deciding-on-marriage.webp"}],"twitter_card":"summary_large_image","twitter_misc":{"Est. reading time":"2 minutes"},"schema":{"@context":"https:\/\/schema.org","@graph":[{"@type":"WebPage","@id":"https:\/\/carole-boucher-avocat.fr\/?page_id=239","url":"https:\/\/carole-boucher-avocat.fr\/?page_id=239","name":"Divorce - Ma\u00eetre Carole BOUCHER","isPartOf":{"@id":"https:\/\/carole-boucher-avocat.fr\/#website"},"datePublished":"2023-12-17T14:35:07+00:00","dateModified":"2023-12-23T20:45:37+00:00","breadcrumb":{"@id":"https:\/\/carole-boucher-avocat.fr\/?page_id=239#breadcrumb"},"inLanguage":"en-US","potentialAction":[{"@type":"ReadAction","target":["https:\/\/carole-boucher-avocat.fr\/?page_id=239"]}]},{"@type":"BreadcrumbList","@id":"https:\/\/carole-boucher-avocat.fr\/?page_id=239#breadcrumb","itemListElement":[{"@type":"ListItem","position":1,"name":"Accueil","item":"https:\/\/carole-boucher-avocat.fr\/"},{"@type":"ListItem","position":2,"name":"Divorce"}]},{"@type":"WebSite","@id":"https:\/\/carole-boucher-avocat.fr\/#website","url":"https:\/\/carole-boucher-avocat.fr\/","name":"Ma\u00eetre Carole BOUCHER","description":"","publisher":{"@id":"https:\/\/carole-boucher-avocat.fr\/#\/schema\/person\/f13cebb8df70afa6d45888aac29c34c1"},"potentialAction":[{"@type":"SearchAction","target":{"@type":"EntryPoint","urlTemplate":"https:\/\/carole-boucher-avocat.fr\/?s={search_term_string}"},"query-input":"required name=search_term_string"}],"inLanguage":"en-US"},{"@type":["Person","Organization"],"@id":"https:\/\/carole-boucher-avocat.fr\/#\/schema\/person\/f13cebb8df70afa6d45888aac29c34c1","name":"carole-boucher-avocat.fr","image":{"@type":"ImageObject","inLanguage":"en-US","@id":"https:\/\/carole-boucher-avocat.fr\/#\/schema\/person\/image\/","url":"https:\/\/carole-boucher-avocat.fr\/wp-content\/uploads\/2023\/12\/cropped-1-selectionne-1.png","contentUrl":"https:\/\/carole-boucher-avocat.fr\/wp-content\/uploads\/2023\/12\/cropped-1-selectionne-1.png","width":240,"height":240,"caption":"carole-boucher-avocat.fr"},"logo":{"@id":"https:\/\/carole-boucher-avocat.fr\/#\/schema\/person\/image\/"},"sameAs":["http:\/\/carole-boucher-avocat.fr"]}]}},"_links":{"self":[{"href":"https:\/\/carole-boucher-avocat.fr\/index.php?rest_route=\/wp\/v2\/pages\/239"}],"collection":[{"href":"https:\/\/carole-boucher-avocat.fr\/index.php?rest_route=\/wp\/v2\/pages"}],"about":[{"href":"https:\/\/carole-boucher-avocat.fr\/index.php?rest_route=\/wp\/v2\/types\/page"}],"author":[{"embeddable":true,"href":"https:\/\/carole-boucher-avocat.fr\/index.php?rest_route=\/wp\/v2\/users\/1"}],"replies":[{"embeddable":true,"href":"https:\/\/carole-boucher-avocat.fr\/index.php?rest_route=%2Fwp%2Fv2%2Fcomments&post=239"}],"version-history":[{"count":8,"href":"https:\/\/carole-boucher-avocat.fr\/index.php?rest_route=\/wp\/v2\/pages\/239\/revisions"}],"predecessor-version":[{"id":332,"href":"https:\/\/carole-boucher-avocat.fr\/index.php?rest_route=\/wp\/v2\/pages\/239\/revisions\/332"}],"wp:attachment":[{"href":"https:\/\/carole-boucher-avocat.fr\/index.php?rest_route=%2Fwp%2Fv2%2Fmedia&parent=239"}],"curies":[{"name":"wp","href":"https:\/\/api.w.org\/{rel}","templated":true}]}}