{"id":257,"date":"2023-12-23T09:52:58","date_gmt":"2023-12-23T08:52:58","guid":{"rendered":"https:\/\/carole-boucher-avocat.fr\/?page_id=257"},"modified":"2023-12-23T14:49:35","modified_gmt":"2023-12-23T13:49:35","slug":"droit-penal","status":"publish","type":"page","link":"https:\/\/carole-boucher-avocat.fr\/?page_id=257","title":{"rendered":"Droit p\u00e9nal"},"content":{"rendered":"\n<div class=\"wp-block-media-text is-stacked-on-mobile\" style=\"margin-right:0;margin-left:0;padding-right:0;padding-left:0;grid-template-columns:30% auto\"><figure class=\"wp-block-media-text__media\"><img loading=\"lazy\" decoding=\"async\" width=\"612\" height=\"408\" src=\"https:\/\/carole-boucher-avocat.fr\/wp-content\/uploads\/2023\/12\/istockphoto-1367326259-612x612-1.jpg\" alt=\"\" class=\"wp-image-261 size-full\"\/><\/figure><div class=\"wp-block-media-text__content\">\n<div class=\"wp-block-group has-border-color has-custom-couleur-1-border-color has-background has-global-padding is-layout-constrained wp-block-group-is-layout-constrained\" style=\"border-width:1px;border-radius:1px;background:linear-gradient(135deg,rgb(21,67,128) 0%,rgba(79,180,196,0.4) 100%)\">\n<p class=\"has-text-align-center has-custom-couleur-1-color has-text-color has-link-color has-outfit-font-family has-extra-small-font-size wp-elements-d1f83113660e5ff5542ea818cd94a509\" style=\"font-style:normal;font-weight:600;line-height:1.5\">Infraction routi\u00e8re<\/p>\n\n\n\n<p class=\"has-text-align-center has-custom-couleur-1-color has-text-color has-link-color has-outfit-font-family has-extra-small-font-size wp-elements-4c1348944bb5566aab5d03cd644ee98e\" style=\"font-style:normal;font-weight:600;line-height:1.5\">Comparution sur Reconnaissance Pr\u00e9alable de Culpabilit\u00e9 (CRPC)<\/p>\n\n\n\n<p class=\"has-text-align-center has-black-color has-text-color has-link-color has-outfit-font-family has-extra-small-font-size wp-elements-4a2a916ea41b36a7bcb56ac9e9389ba3\" style=\"font-style:normal;font-weight:600;line-height:1.5\">Tribunal de police<\/p>\n\n\n\n<p class=\"has-text-align-center has-black-color has-text-color has-link-color has-outfit-font-family has-extra-small-font-size wp-elements-2ea896f322876e008b7f809c1ac54cdc\" style=\"font-style:normal;font-weight:600;line-height:1.5\">Tribunal correctionnel<\/p>\n\n\n\n<p class=\"has-text-align-center has-black-color has-text-color has-link-color has-outfit-font-family has-extra-small-font-size wp-elements-9b5934b8b08c867a5374841e210bdee6\" style=\"font-style:normal;font-weight:600;line-height:1.5\">Cour d&#8217;assises <\/p>\n<\/div>\n<\/div><\/div>\n\n\n\n<hr class=\"wp-block-separator has-alpha-channel-opacity\"\/>\n\n\n\n<p class=\"has-text-color has-link-color has-regular-font-size wp-elements-58f25ba958a9d8e06aa9ecef94fa6266\" style=\"color:#c5994f;font-style:italic;font-weight:300\">Vous vous demandez comment Ma\u00eetre Carole BOUCHER peut vous aider ?<\/p>\n\n\n\n<p class=\"has-black-color has-text-color has-link-color has-medium-font-size wp-elements-fa7a5515d8a548561c30697816c90ff6\">Ma\u00eetre Carole BOUCHER vous vient en aide lors de toutes les \u00e9tapes de la proc\u00e9dure, y compris durant les investigations des officiers de police judiciaire.<\/p>\n\n\n\n<p class=\"has-black-color has-text-color has-link-color has-medium-font-size wp-elements-8953d001d78978fa23c7992d79fb342b\">Ma\u00eetre Carole BOUCHER vous conseille et vous assiste <strong>si vous \u00eates victime<\/strong> entre autre lors de :<\/p>\n\n\n\n<ul class=\"has-black-color has-text-color has-link-color wp-elements-bd27b8ac4df65c314721a50f3ec3de08\">\n<li class=\"has-small-font-size\">L&#8217;expertise m\u00e9dicale si vous avez subi un p\u00e9judice corporel ;<\/li>\n\n\n\n<li class=\"has-small-font-size\">L&#8217;audience devant le Tribunal de police, le Tribunal correctionnel ou la Cour d&#8217;assises si vous souhaitez vous constituer partie civile et \u00eatre indemnis\u00e9 de vos pr\u00e9judices ;<\/li>\n\n\n\n<li class=\"has-small-font-size\">La proc\u00e9dure d&#8217;indemnisation du pr\u00e9judice corporel ;<\/li>\n\n\n\n<li class=\"has-small-font-size\">La proc\u00e9dure d&#8217;indemnisation des victimes d&#8217;infraction devant le SARVI et la CIVI.<\/li>\n<\/ul>\n\n\n\n<hr class=\"wp-block-separator has-text-color has-black-color has-alpha-channel-opacity has-black-background-color has-background\"\/>\n\n\n\n<p class=\"has-black-color has-text-color has-link-color has-medium-font-size wp-elements-890586458baaf01b31c4b82a74300058\">Ma\u00eetre Carole BOUCHER vous conseille et vous assiste <strong>si votre responsabilit\u00e9 p\u00e9nale<\/strong> <strong>est engag\u00e9e<\/strong> entre autre lors de :<\/p>\n\n\n\n<ul class=\"has-black-color has-text-color has-link-color wp-elements-d5a1e43dbb6048ec64728496729994a0\">\n<li class=\"has-small-font-size\">L&#8217;audition libre ;<\/li>\n\n\n\n<li class=\"has-small-font-size\">La garde \u00e0 vue ;<\/li>\n\n\n\n<li class=\"has-small-font-size\">Le d\u00e9f\u00e9remment ou la convocation devant le Juge d&#8217;Instruction (en mati\u00e8re d\u00e9lictuelle, criminelle) ;<\/li>\n\n\n\n<li class=\"has-small-font-size\">L&#8217;audience devant le Tribunal de police, le Tribunal correctionnel ou la Cour d&#8217;assises ;<\/li>\n\n\n\n<li class=\"has-small-font-size\">L&#8217;audience devant le Juge d&#8217;application des peines ;<\/li>\n\n\n\n<li class=\"has-small-font-size\">La comparution sur reconnaissance pr\u00e9alable de culpabilit\u00e9 (CRPC) ;<\/li>\n\n\n\n<li class=\"has-small-font-size\">La comparution imm\u00e9diate.<\/li>\n<\/ul>\n\n\n\n<blockquote class=\"wp-block-quote has-black-color has-base-background-color has-text-color has-background has-link-color has-medium-font-size wp-elements-e62fe6a37d4e1eff8972bf72c2e95bca\">\n<p class=\"has-text-color has-link-color has-regular-font-size wp-elements-2e4223a084b3656355fd719aae0b8de8\" style=\"color:#c5994f;font-style:italic;font-weight:300\">Concernant la comparution sur reconnaissable pr\u00e9alable de culpabilit\u00e9 (CRPC) :<\/p>\n<cite>Inspir\u00e9e de la proc\u00e9dure anglo-saxonne, de &#8220;pleading guilty&#8221; ; la proc\u00e9dure de comparution sur reconnaissance pr\u00e9alable de culpabilit\u00e9 ou de &#8220;plaider-coupable&#8221;, vise \u00e0 r\u00e9primer les d\u00e9lits les moins graves lorsque leur auteur reconnait sa culpabilit\u00e9. <strong>La pr\u00e9sence d&#8217;un avocat est obligatoire. <\/strong>Ce dernier assiste son client lors de l&#8217;audience, o\u00f9 le procureur de la R\u00e9publique propose une peine \u00e0 l&#8217;auteur de l&#8217;infraction entendu sur les faits qui lui sont reproch\u00e9s. S&#8217;il accepte la peine propos\u00e9e, celle-ci est homologu\u00e9e par le magistrat. S&#8217;il la refuse, l&#8217;auteur des faits est convoqu\u00e9 \u00e0 une date ult\u00e9rieure devant le Tribunal correctionnel.<\/cite><\/blockquote>\n\n\n\n<hr class=\"wp-block-separator has-text-color has-black-color has-alpha-channel-opacity has-black-background-color has-background\"\/>\n\n\n\n<p class=\"has-black-color has-text-color has-link-color has-medium-font-size wp-elements-a5041905c803540a54048ee7fb607397\">Ma\u00eetre Carole BOUCHER vous conseille et vous assiste, <strong>si vous \u00eates mineur et que votre responsabilit\u00e9 p\u00e9nale est engag\u00e9e <\/strong>entre autre lors de :<\/p>\n\n\n\n<ul class=\"has-black-color has-text-color has-link-color wp-elements-610c982494b7954509a403bbdfd6e4c4\">\n<li class=\"has-small-font-size\">L&#8217;audience devant le Juge des enfants ; <\/li>\n\n\n\n<li class=\"has-small-font-size\">L&#8217;audience devant le Tribunal pour enfants ; <\/li>\n\n\n\n<li class=\"has-small-font-size\">L&#8217;audience devant la Cour d&#8217;assises des mineurs.<\/li>\n<\/ul>\n","protected":false},"excerpt":{"rendered":"<p>Vous vous demandez comment Ma\u00eetre Carole BOUCHER peut vous aider ? Ma\u00eetre Carole BOUCHER vous vient en aide lors de toutes les \u00e9tapes de la proc\u00e9dure, y compris durant les investigations des officiers de police judiciaire. Ma\u00eetre Carole BOUCHER vous conseille et vous assiste si vous \u00eates victime entre autre lors de : Ma\u00eetre Carole [&hellip;]<\/p>\n","protected":false},"author":1,"featured_media":0,"parent":0,"menu_order":0,"comment_status":"closed","ping_status":"closed","template":"","meta":{"footnotes":""},"yoast_head":"<!-- This site is optimized with the Yoast SEO plugin v22.0 - https:\/\/yoast.com\/wordpress\/plugins\/seo\/ -->\n<title>Droit p\u00e9nal - Ma\u00eetre Carole BOUCHER<\/title>\n<meta name=\"robots\" content=\"index, follow, max-snippet:-1, max-image-preview:large, max-video-preview:-1\" \/>\n<link rel=\"canonical\" href=\"https:\/\/carole-boucher-avocat.fr\/?page_id=257\" \/>\n<meta property=\"og:locale\" content=\"en_US\" \/>\n<meta property=\"og:type\" content=\"article\" \/>\n<meta property=\"og:title\" content=\"Droit p\u00e9nal - Ma\u00eetre Carole BOUCHER\" \/>\n<meta property=\"og:description\" content=\"Vous vous demandez comment Ma\u00eetre Carole BOUCHER peut vous aider ? Ma\u00eetre Carole BOUCHER vous vient en aide lors de toutes les \u00e9tapes de la proc\u00e9dure, y compris durant les investigations des officiers de police judiciaire. Ma\u00eetre Carole BOUCHER vous conseille et vous assiste si vous \u00eates victime entre autre lors de : Ma\u00eetre Carole [&hellip;]\" \/>\n<meta property=\"og:url\" content=\"https:\/\/carole-boucher-avocat.fr\/?page_id=257\" \/>\n<meta property=\"og:site_name\" content=\"Ma\u00eetre Carole BOUCHER\" \/>\n<meta property=\"article:modified_time\" content=\"2023-12-23T13:49:35+00:00\" \/>\n<meta property=\"og:image\" content=\"https:\/\/carole-boucher-avocat.fr\/wp-content\/uploads\/2023\/12\/istockphoto-1367326259-612x612-1.jpg\" \/>\n<meta name=\"twitter:card\" content=\"summary_large_image\" \/>\n<meta name=\"twitter:label1\" content=\"Est. reading time\" \/>\n\t<meta name=\"twitter:data1\" content=\"2 minutes\" \/>\n<script type=\"application\/ld+json\" class=\"yoast-schema-graph\">{\"@context\":\"https:\/\/schema.org\",\"@graph\":[{\"@type\":\"WebPage\",\"@id\":\"https:\/\/carole-boucher-avocat.fr\/?page_id=257\",\"url\":\"https:\/\/carole-boucher-avocat.fr\/?page_id=257\",\"name\":\"Droit p\u00e9nal - Ma\u00eetre Carole BOUCHER\",\"isPartOf\":{\"@id\":\"https:\/\/carole-boucher-avocat.fr\/#website\"},\"datePublished\":\"2023-12-23T08:52:58+00:00\",\"dateModified\":\"2023-12-23T13:49:35+00:00\",\"breadcrumb\":{\"@id\":\"https:\/\/carole-boucher-avocat.fr\/?page_id=257#breadcrumb\"},\"inLanguage\":\"en-US\",\"potentialAction\":[{\"@type\":\"ReadAction\",\"target\":[\"https:\/\/carole-boucher-avocat.fr\/?page_id=257\"]}]},{\"@type\":\"BreadcrumbList\",\"@id\":\"https:\/\/carole-boucher-avocat.fr\/?page_id=257#breadcrumb\",\"itemListElement\":[{\"@type\":\"ListItem\",\"position\":1,\"name\":\"Accueil\",\"item\":\"https:\/\/carole-boucher-avocat.fr\/\"},{\"@type\":\"ListItem\",\"position\":2,\"name\":\"Droit p\u00e9nal\"}]},{\"@type\":\"WebSite\",\"@id\":\"https:\/\/carole-boucher-avocat.fr\/#website\",\"url\":\"https:\/\/carole-boucher-avocat.fr\/\",\"name\":\"Ma\u00eetre Carole BOUCHER\",\"description\":\"\",\"publisher\":{\"@id\":\"https:\/\/carole-boucher-avocat.fr\/#\/schema\/person\/f13cebb8df70afa6d45888aac29c34c1\"},\"potentialAction\":[{\"@type\":\"SearchAction\",\"target\":{\"@type\":\"EntryPoint\",\"urlTemplate\":\"https:\/\/carole-boucher-avocat.fr\/?s={search_term_string}\"},\"query-input\":\"required name=search_term_string\"}],\"inLanguage\":\"en-US\"},{\"@type\":[\"Person\",\"Organization\"],\"@id\":\"https:\/\/carole-boucher-avocat.fr\/#\/schema\/person\/f13cebb8df70afa6d45888aac29c34c1\",\"name\":\"carole-boucher-avocat.fr\",\"image\":{\"@type\":\"ImageObject\",\"inLanguage\":\"en-US\",\"@id\":\"https:\/\/carole-boucher-avocat.fr\/#\/schema\/person\/image\/\",\"url\":\"https:\/\/carole-boucher-avocat.fr\/wp-content\/uploads\/2023\/12\/cropped-1-selectionne-1.png\",\"contentUrl\":\"https:\/\/carole-boucher-avocat.fr\/wp-content\/uploads\/2023\/12\/cropped-1-selectionne-1.png\",\"width\":240,\"height\":240,\"caption\":\"carole-boucher-avocat.fr\"},\"logo\":{\"@id\":\"https:\/\/carole-boucher-avocat.fr\/#\/schema\/person\/image\/\"},\"sameAs\":[\"http:\/\/carole-boucher-avocat.fr\"]}]}<\/script>\n<!-- \/ Yoast SEO plugin. -->","yoast_head_json":{"title":"Droit p\u00e9nal - Ma\u00eetre Carole BOUCHER","robots":{"index":"index","follow":"follow","max-snippet":"max-snippet:-1","max-image-preview":"max-image-preview:large","max-video-preview":"max-video-preview:-1"},"canonical":"https:\/\/carole-boucher-avocat.fr\/?page_id=257","og_locale":"en_US","og_type":"article","og_title":"Droit p\u00e9nal - Ma\u00eetre Carole BOUCHER","og_description":"Vous vous demandez comment Ma\u00eetre Carole BOUCHER peut vous aider ? Ma\u00eetre Carole BOUCHER vous vient en aide lors de toutes les \u00e9tapes de la proc\u00e9dure, y compris durant les investigations des officiers de police judiciaire. Ma\u00eetre Carole BOUCHER vous conseille et vous assiste si vous \u00eates victime entre autre lors de : Ma\u00eetre Carole [&hellip;]","og_url":"https:\/\/carole-boucher-avocat.fr\/?page_id=257","og_site_name":"Ma\u00eetre Carole BOUCHER","article_modified_time":"2023-12-23T13:49:35+00:00","og_image":[{"url":"https:\/\/carole-boucher-avocat.fr\/wp-content\/uploads\/2023\/12\/istockphoto-1367326259-612x612-1.jpg"}],"twitter_card":"summary_large_image","twitter_misc":{"Est. reading time":"2 minutes"},"schema":{"@context":"https:\/\/schema.org","@graph":[{"@type":"WebPage","@id":"https:\/\/carole-boucher-avocat.fr\/?page_id=257","url":"https:\/\/carole-boucher-avocat.fr\/?page_id=257","name":"Droit p\u00e9nal - Ma\u00eetre Carole BOUCHER","isPartOf":{"@id":"https:\/\/carole-boucher-avocat.fr\/#website"},"datePublished":"2023-12-23T08:52:58+00:00","dateModified":"2023-12-23T13:49:35+00:00","breadcrumb":{"@id":"https:\/\/carole-boucher-avocat.fr\/?page_id=257#breadcrumb"},"inLanguage":"en-US","potentialAction":[{"@type":"ReadAction","target":["https:\/\/carole-boucher-avocat.fr\/?page_id=257"]}]},{"@type":"BreadcrumbList","@id":"https:\/\/carole-boucher-avocat.fr\/?page_id=257#breadcrumb","itemListElement":[{"@type":"ListItem","position":1,"name":"Accueil","item":"https:\/\/carole-boucher-avocat.fr\/"},{"@type":"ListItem","position":2,"name":"Droit p\u00e9nal"}]},{"@type":"WebSite","@id":"https:\/\/carole-boucher-avocat.fr\/#website","url":"https:\/\/carole-boucher-avocat.fr\/","name":"Ma\u00eetre Carole BOUCHER","description":"","publisher":{"@id":"https:\/\/carole-boucher-avocat.fr\/#\/schema\/person\/f13cebb8df70afa6d45888aac29c34c1"},"potentialAction":[{"@type":"SearchAction","target":{"@type":"EntryPoint","urlTemplate":"https:\/\/carole-boucher-avocat.fr\/?s={search_term_string}"},"query-input":"required name=search_term_string"}],"inLanguage":"en-US"},{"@type":["Person","Organization"],"@id":"https:\/\/carole-boucher-avocat.fr\/#\/schema\/person\/f13cebb8df70afa6d45888aac29c34c1","name":"carole-boucher-avocat.fr","image":{"@type":"ImageObject","inLanguage":"en-US","@id":"https:\/\/carole-boucher-avocat.fr\/#\/schema\/person\/image\/","url":"https:\/\/carole-boucher-avocat.fr\/wp-content\/uploads\/2023\/12\/cropped-1-selectionne-1.png","contentUrl":"https:\/\/carole-boucher-avocat.fr\/wp-content\/uploads\/2023\/12\/cropped-1-selectionne-1.png","width":240,"height":240,"caption":"carole-boucher-avocat.fr"},"logo":{"@id":"https:\/\/carole-boucher-avocat.fr\/#\/schema\/person\/image\/"},"sameAs":["http:\/\/carole-boucher-avocat.fr"]}]}},"_links":{"self":[{"href":"https:\/\/carole-boucher-avocat.fr\/index.php?rest_route=\/wp\/v2\/pages\/257"}],"collection":[{"href":"https:\/\/carole-boucher-avocat.fr\/index.php?rest_route=\/wp\/v2\/pages"}],"about":[{"href":"https:\/\/carole-boucher-avocat.fr\/index.php?rest_route=\/wp\/v2\/types\/page"}],"author":[{"embeddable":true,"href":"https:\/\/carole-boucher-avocat.fr\/index.php?rest_route=\/wp\/v2\/users\/1"}],"replies":[{"embeddable":true,"href":"https:\/\/carole-boucher-avocat.fr\/index.php?rest_route=%2Fwp%2Fv2%2Fcomments&post=257"}],"version-history":[{"count":5,"href":"https:\/\/carole-boucher-avocat.fr\/index.php?rest_route=\/wp\/v2\/pages\/257\/revisions"}],"predecessor-version":[{"id":309,"href":"https:\/\/carole-boucher-avocat.fr\/index.php?rest_route=\/wp\/v2\/pages\/257\/revisions\/309"}],"wp:attachment":[{"href":"https:\/\/carole-boucher-avocat.fr\/index.php?rest_route=%2Fwp%2Fv2%2Fmedia&parent=257"}],"curies":[{"name":"wp","href":"https:\/\/api.w.org\/{rel}","templated":true}]}}