{"id":267,"date":"2023-12-23T11:23:07","date_gmt":"2023-12-23T10:23:07","guid":{"rendered":"https:\/\/carole-boucher-avocat.fr\/?page_id=267"},"modified":"2023-12-23T21:46:13","modified_gmt":"2023-12-23T20:46:13","slug":"droit-civil","status":"publish","type":"page","link":"https:\/\/carole-boucher-avocat.fr\/?page_id=267","title":{"rendered":"Droit civil"},"content":{"rendered":"\n<div class=\"wp-block-media-text is-stacked-on-mobile\" style=\"grid-template-columns:44% auto\"><figure class=\"wp-block-media-text__media\"><img loading=\"lazy\" decoding=\"async\" width=\"612\" height=\"408\" src=\"https:\/\/carole-boucher-avocat.fr\/wp-content\/uploads\/2023\/12\/istockphoto-884198048-612x612-1.jpg\" alt=\"\" class=\"wp-image-268 size-full\"\/><\/figure><div class=\"wp-block-media-text__content\">\n<div class=\"wp-block-columns has-border-color has-custom-couleur-1-border-color has-background is-layout-flex wp-container-core-columns-layout-1 wp-block-columns-is-layout-flex\" style=\"border-width:1px;background:linear-gradient(135deg,rgb(21,67,128) 0%,rgba(79,180,196,0.4) 100%)\">\n<div class=\"wp-block-column is-layout-flow wp-block-column-is-layout-flow\" style=\"flex-basis:100%\">\n<p class=\"has-text-align-center has-black-color has-text-color has-link-color has-outfit-font-family has-small-font-size wp-elements-4ca402b159f9db757afee23bc3c3c44e\" style=\"font-style:normal;font-weight:600\">Droit des contrats<\/p>\n\n\n\n<p class=\"has-text-align-center has-black-color has-text-color has-link-color has-outfit-font-family has-small-font-size wp-elements-350b9353ca05a3a51dc572a8ae053b1b\" style=\"font-style:normal;font-weight:600\">Droit des obligations<\/p>\n\n\n\n<p class=\"has-text-align-center has-black-color has-text-color has-link-color has-outfit-font-family has-small-font-size wp-elements-c5595501f33fcfa7ef08d6ccd5e38e9f\" style=\"font-style:normal;font-weight:600\">Droit de la responsabilit\u00e9 civile d\u00e9lictuelle ou contractuelle<\/p>\n<\/div>\n<\/div>\n<\/div><\/div>\n\n\n\n<hr class=\"wp-block-separator has-alpha-channel-opacity\"\/>\n\n\n\n<p class=\"has-text-color has-link-color has-outfit-font-family has-regular-font-size wp-elements-42bfea75787ebf04e86c5c4e6eab732b\" style=\"color:#c5994f;font-style:italic;font-weight:300\">Vous avez sign\u00e9 un contrat et vous \u00eates victime d&#8217;un dommage ou votre responsabilit\u00e9 est engag\u00e9e ?<\/p>\n\n\n\n<p class=\"has-black-color has-text-color has-link-color has-small-font-size wp-elements-41e95e06d897cd099148f82cb1b9cc45\">Lorsque <strong>vous avez conclu un contrat<\/strong>, qu&#8217;il s&#8217;agisse d&#8217;un contrat de vente, de louage d&#8217;ouvrage, d&#8217;entreprise ou un bail, <strong>certains manquements au contrat peuvent \u00eatre constat\u00e9s<\/strong>.<\/p>\n\n\n\n<p class=\"has-black-color has-text-color has-link-color has-small-font-size wp-elements-28e1fa625a1da4a2c22b0a00cfa673cd\">Lorsqu&#8217;un manquement au contrat est constat\u00e9 et que vous avez subi un dommage, vous pouvez <strong>engager la responsabilit\u00e9 civile contractuelle ou d\u00e9lictuelle <\/strong>de l&#8217;autre partie.<\/p>\n\n\n\n<p class=\"has-black-color has-text-color has-link-color has-small-font-size wp-elements-cfde58791c47e04dc47a22c0410270ab\">Dans cette hypoth\u00e8se-ci et que vous \u00eates victime d&#8217;un dommage, Ma\u00eetre Carole BOUCHER vous assiste afin d&#8217;engager la responsabilit\u00e9 de la partie adverse.<\/p>\n\n\n\n<p class=\"has-black-color has-text-color has-link-color has-small-font-size wp-elements-af4e313ca317ec60f09da36b24915125\">Ma\u00eetre Carole BOUCHER vous assiste et vous accompagne \u00e9galement tout au long de la proc\u00e9dure devant le Tribunal, <strong>si votre responsabilit\u00e9 est engag\u00e9e<\/strong>.<\/p>\n\n\n\n<p class=\"has-black-color has-text-color has-link-color has-small-font-size wp-elements-e5adc832abefed500cdfdf99891d9d45\">Ma\u00eetre Carole BOUCHER se charge donc de vous apporter des conseils juridiques \u00e9clair\u00e9s, vous assistez au mieux et d\u00e9fendre vos int\u00e9r\u00eats que vous soyez un particulier ou une soci\u00e9t\u00e9.<\/p>\n","protected":false},"excerpt":{"rendered":"<p>Vous avez sign\u00e9 un contrat et vous \u00eates victime d&#8217;un dommage ou votre responsabilit\u00e9 est engag\u00e9e ? Lorsque vous avez conclu un contrat, qu&#8217;il s&#8217;agisse d&#8217;un contrat de vente, de louage d&#8217;ouvrage, d&#8217;entreprise ou un bail, certains manquements au contrat peuvent \u00eatre constat\u00e9s. Lorsqu&#8217;un manquement au contrat est constat\u00e9 et que vous avez subi un [&hellip;]<\/p>\n","protected":false},"author":1,"featured_media":0,"parent":0,"menu_order":0,"comment_status":"closed","ping_status":"closed","template":"","meta":{"footnotes":""},"yoast_head":"<!-- This site is optimized with the Yoast SEO plugin v22.0 - https:\/\/yoast.com\/wordpress\/plugins\/seo\/ -->\n<title>Droit civil - Ma\u00eetre Carole BOUCHER<\/title>\n<meta name=\"robots\" content=\"index, follow, max-snippet:-1, max-image-preview:large, max-video-preview:-1\" \/>\n<link rel=\"canonical\" href=\"https:\/\/carole-boucher-avocat.fr\/?page_id=267\" \/>\n<meta property=\"og:locale\" content=\"en_US\" \/>\n<meta property=\"og:type\" content=\"article\" \/>\n<meta property=\"og:title\" content=\"Droit civil - Ma\u00eetre Carole BOUCHER\" \/>\n<meta property=\"og:description\" content=\"Vous avez sign\u00e9 un contrat et vous \u00eates victime d&#8217;un dommage ou votre responsabilit\u00e9 est engag\u00e9e ? Lorsque vous avez conclu un contrat, qu&#8217;il s&#8217;agisse d&#8217;un contrat de vente, de louage d&#8217;ouvrage, d&#8217;entreprise ou un bail, certains manquements au contrat peuvent \u00eatre constat\u00e9s. Lorsqu&#8217;un manquement au contrat est constat\u00e9 et que vous avez subi un [&hellip;]\" \/>\n<meta property=\"og:url\" content=\"https:\/\/carole-boucher-avocat.fr\/?page_id=267\" \/>\n<meta property=\"og:site_name\" content=\"Ma\u00eetre Carole BOUCHER\" \/>\n<meta property=\"article:modified_time\" content=\"2023-12-23T20:46:13+00:00\" \/>\n<meta property=\"og:image\" content=\"https:\/\/carole-boucher-avocat.fr\/wp-content\/uploads\/2023\/12\/istockphoto-884198048-612x612-1.jpg\" \/>\n<meta name=\"twitter:card\" content=\"summary_large_image\" \/>\n<meta name=\"twitter:label1\" content=\"Est. reading time\" \/>\n\t<meta name=\"twitter:data1\" content=\"1 minute\" \/>\n<script type=\"application\/ld+json\" class=\"yoast-schema-graph\">{\"@context\":\"https:\/\/schema.org\",\"@graph\":[{\"@type\":\"WebPage\",\"@id\":\"https:\/\/carole-boucher-avocat.fr\/?page_id=267\",\"url\":\"https:\/\/carole-boucher-avocat.fr\/?page_id=267\",\"name\":\"Droit civil - Ma\u00eetre Carole BOUCHER\",\"isPartOf\":{\"@id\":\"https:\/\/carole-boucher-avocat.fr\/#website\"},\"datePublished\":\"2023-12-23T10:23:07+00:00\",\"dateModified\":\"2023-12-23T20:46:13+00:00\",\"breadcrumb\":{\"@id\":\"https:\/\/carole-boucher-avocat.fr\/?page_id=267#breadcrumb\"},\"inLanguage\":\"en-US\",\"potentialAction\":[{\"@type\":\"ReadAction\",\"target\":[\"https:\/\/carole-boucher-avocat.fr\/?page_id=267\"]}]},{\"@type\":\"BreadcrumbList\",\"@id\":\"https:\/\/carole-boucher-avocat.fr\/?page_id=267#breadcrumb\",\"itemListElement\":[{\"@type\":\"ListItem\",\"position\":1,\"name\":\"Accueil\",\"item\":\"https:\/\/carole-boucher-avocat.fr\/\"},{\"@type\":\"ListItem\",\"position\":2,\"name\":\"Droit civil\"}]},{\"@type\":\"WebSite\",\"@id\":\"https:\/\/carole-boucher-avocat.fr\/#website\",\"url\":\"https:\/\/carole-boucher-avocat.fr\/\",\"name\":\"Ma\u00eetre Carole BOUCHER\",\"description\":\"\",\"publisher\":{\"@id\":\"https:\/\/carole-boucher-avocat.fr\/#\/schema\/person\/f13cebb8df70afa6d45888aac29c34c1\"},\"potentialAction\":[{\"@type\":\"SearchAction\",\"target\":{\"@type\":\"EntryPoint\",\"urlTemplate\":\"https:\/\/carole-boucher-avocat.fr\/?s={search_term_string}\"},\"query-input\":\"required name=search_term_string\"}],\"inLanguage\":\"en-US\"},{\"@type\":[\"Person\",\"Organization\"],\"@id\":\"https:\/\/carole-boucher-avocat.fr\/#\/schema\/person\/f13cebb8df70afa6d45888aac29c34c1\",\"name\":\"carole-boucher-avocat.fr\",\"image\":{\"@type\":\"ImageObject\",\"inLanguage\":\"en-US\",\"@id\":\"https:\/\/carole-boucher-avocat.fr\/#\/schema\/person\/image\/\",\"url\":\"https:\/\/carole-boucher-avocat.fr\/wp-content\/uploads\/2023\/12\/cropped-1-selectionne-1.png\",\"contentUrl\":\"https:\/\/carole-boucher-avocat.fr\/wp-content\/uploads\/2023\/12\/cropped-1-selectionne-1.png\",\"width\":240,\"height\":240,\"caption\":\"carole-boucher-avocat.fr\"},\"logo\":{\"@id\":\"https:\/\/carole-boucher-avocat.fr\/#\/schema\/person\/image\/\"},\"sameAs\":[\"http:\/\/carole-boucher-avocat.fr\"]}]}<\/script>\n<!-- \/ Yoast SEO plugin. -->","yoast_head_json":{"title":"Droit civil - Ma\u00eetre Carole BOUCHER","robots":{"index":"index","follow":"follow","max-snippet":"max-snippet:-1","max-image-preview":"max-image-preview:large","max-video-preview":"max-video-preview:-1"},"canonical":"https:\/\/carole-boucher-avocat.fr\/?page_id=267","og_locale":"en_US","og_type":"article","og_title":"Droit civil - Ma\u00eetre Carole BOUCHER","og_description":"Vous avez sign\u00e9 un contrat et vous \u00eates victime d&#8217;un dommage ou votre responsabilit\u00e9 est engag\u00e9e ? Lorsque vous avez conclu un contrat, qu&#8217;il s&#8217;agisse d&#8217;un contrat de vente, de louage d&#8217;ouvrage, d&#8217;entreprise ou un bail, certains manquements au contrat peuvent \u00eatre constat\u00e9s. Lorsqu&#8217;un manquement au contrat est constat\u00e9 et que vous avez subi un [&hellip;]","og_url":"https:\/\/carole-boucher-avocat.fr\/?page_id=267","og_site_name":"Ma\u00eetre Carole BOUCHER","article_modified_time":"2023-12-23T20:46:13+00:00","og_image":[{"url":"https:\/\/carole-boucher-avocat.fr\/wp-content\/uploads\/2023\/12\/istockphoto-884198048-612x612-1.jpg"}],"twitter_card":"summary_large_image","twitter_misc":{"Est. reading time":"1 minute"},"schema":{"@context":"https:\/\/schema.org","@graph":[{"@type":"WebPage","@id":"https:\/\/carole-boucher-avocat.fr\/?page_id=267","url":"https:\/\/carole-boucher-avocat.fr\/?page_id=267","name":"Droit civil - Ma\u00eetre Carole BOUCHER","isPartOf":{"@id":"https:\/\/carole-boucher-avocat.fr\/#website"},"datePublished":"2023-12-23T10:23:07+00:00","dateModified":"2023-12-23T20:46:13+00:00","breadcrumb":{"@id":"https:\/\/carole-boucher-avocat.fr\/?page_id=267#breadcrumb"},"inLanguage":"en-US","potentialAction":[{"@type":"ReadAction","target":["https:\/\/carole-boucher-avocat.fr\/?page_id=267"]}]},{"@type":"BreadcrumbList","@id":"https:\/\/carole-boucher-avocat.fr\/?page_id=267#breadcrumb","itemListElement":[{"@type":"ListItem","position":1,"name":"Accueil","item":"https:\/\/carole-boucher-avocat.fr\/"},{"@type":"ListItem","position":2,"name":"Droit civil"}]},{"@type":"WebSite","@id":"https:\/\/carole-boucher-avocat.fr\/#website","url":"https:\/\/carole-boucher-avocat.fr\/","name":"Ma\u00eetre Carole BOUCHER","description":"","publisher":{"@id":"https:\/\/carole-boucher-avocat.fr\/#\/schema\/person\/f13cebb8df70afa6d45888aac29c34c1"},"potentialAction":[{"@type":"SearchAction","target":{"@type":"EntryPoint","urlTemplate":"https:\/\/carole-boucher-avocat.fr\/?s={search_term_string}"},"query-input":"required name=search_term_string"}],"inLanguage":"en-US"},{"@type":["Person","Organization"],"@id":"https:\/\/carole-boucher-avocat.fr\/#\/schema\/person\/f13cebb8df70afa6d45888aac29c34c1","name":"carole-boucher-avocat.fr","image":{"@type":"ImageObject","inLanguage":"en-US","@id":"https:\/\/carole-boucher-avocat.fr\/#\/schema\/person\/image\/","url":"https:\/\/carole-boucher-avocat.fr\/wp-content\/uploads\/2023\/12\/cropped-1-selectionne-1.png","contentUrl":"https:\/\/carole-boucher-avocat.fr\/wp-content\/uploads\/2023\/12\/cropped-1-selectionne-1.png","width":240,"height":240,"caption":"carole-boucher-avocat.fr"},"logo":{"@id":"https:\/\/carole-boucher-avocat.fr\/#\/schema\/person\/image\/"},"sameAs":["http:\/\/carole-boucher-avocat.fr"]}]}},"_links":{"self":[{"href":"https:\/\/carole-boucher-avocat.fr\/index.php?rest_route=\/wp\/v2\/pages\/267"}],"collection":[{"href":"https:\/\/carole-boucher-avocat.fr\/index.php?rest_route=\/wp\/v2\/pages"}],"about":[{"href":"https:\/\/carole-boucher-avocat.fr\/index.php?rest_route=\/wp\/v2\/types\/page"}],"author":[{"embeddable":true,"href":"https:\/\/carole-boucher-avocat.fr\/index.php?rest_route=\/wp\/v2\/users\/1"}],"replies":[{"embeddable":true,"href":"https:\/\/carole-boucher-avocat.fr\/index.php?rest_route=%2Fwp%2Fv2%2Fcomments&post=267"}],"version-history":[{"count":4,"href":"https:\/\/carole-boucher-avocat.fr\/index.php?rest_route=\/wp\/v2\/pages\/267\/revisions"}],"predecessor-version":[{"id":333,"href":"https:\/\/carole-boucher-avocat.fr\/index.php?rest_route=\/wp\/v2\/pages\/267\/revisions\/333"}],"wp:attachment":[{"href":"https:\/\/carole-boucher-avocat.fr\/index.php?rest_route=%2Fwp%2Fv2%2Fmedia&parent=267"}],"curies":[{"name":"wp","href":"https:\/\/api.w.org\/{rel}","templated":true}]}}