{"id":273,"date":"2023-12-23T11:59:30","date_gmt":"2023-12-23T10:59:30","guid":{"rendered":"https:\/\/carole-boucher-avocat.fr\/?page_id=273"},"modified":"2023-12-23T21:56:03","modified_gmt":"2023-12-23T20:56:03","slug":"en-savoir-plus","status":"publish","type":"page","link":"https:\/\/carole-boucher-avocat.fr\/?page_id=273","title":{"rendered":"En savoir plus"},"content":{"rendered":"\n<div class=\"wp-block-columns is-layout-flex wp-container-core-columns-layout-1 wp-block-columns-is-layout-flex\">\n<div class=\"wp-block-column is-layout-flow wp-block-column-is-layout-flow\">\n<figure class=\"wp-block-gallery has-nested-images columns-default is-cropped wp-block-gallery-1 is-layout-flex wp-block-gallery-is-layout-flex\">\n<figure class=\"wp-block-image size-large\"><img loading=\"lazy\" decoding=\"async\" width=\"768\" height=\"1024\" src=\"https:\/\/carole-boucher-avocat.fr\/wp-content\/uploads\/2023\/12\/thumbnail_IMG_8077-1-768x1024.jpg\" alt=\"\" class=\"wp-image-46\" srcset=\"https:\/\/carole-boucher-avocat.fr\/wp-content\/uploads\/2023\/12\/thumbnail_IMG_8077-1-768x1024.jpg 768w, https:\/\/carole-boucher-avocat.fr\/wp-content\/uploads\/2023\/12\/thumbnail_IMG_8077-1-225x300.jpg 225w, https:\/\/carole-boucher-avocat.fr\/wp-content\/uploads\/2023\/12\/thumbnail_IMG_8077-1.jpg 960w\" sizes=\"(max-width: 768px) 100vw, 768px\" \/><\/figure>\n\n\n\n<figure class=\"wp-block-image aligncenter size-full\"><img loading=\"lazy\" decoding=\"async\" width=\"500\" height=\"500\" src=\"https:\/\/carole-boucher-avocat.fr\/wp-content\/uploads\/2023\/12\/1-selectionne.png\" alt=\"\" class=\"wp-image-17\" srcset=\"https:\/\/carole-boucher-avocat.fr\/wp-content\/uploads\/2023\/12\/1-selectionne.png 500w, https:\/\/carole-boucher-avocat.fr\/wp-content\/uploads\/2023\/12\/1-selectionne-300x300.png 300w, https:\/\/carole-boucher-avocat.fr\/wp-content\/uploads\/2023\/12\/1-selectionne-150x150.png 150w\" sizes=\"(max-width: 500px) 100vw, 500px\" \/><\/figure>\n<\/figure>\n<\/div>\n\n\n\n<div class=\"wp-block-column is-layout-flow wp-block-column-is-layout-flow\">\n<div class=\"wp-block-group has-black-color has-base-background-color has-text-color has-background has-link-color wp-elements-fbfe9baf97eb919621df860b97cac2b3 is-vertical is-layout-flex wp-container-core-group-layout-1 wp-block-group-is-layout-flex\">\n<h2 class=\"wp-block-heading has-text-align-right has-black-color has-text-color has-link-color has-outfit-font-family has-extra-large-font-size wp-elements-181cee9b1c8ce349f3eb92063145254a\">Ma\u00eetre Carole BOUCHER<\/h2>\n<\/div>\n\n\n\n<p class=\"has-black-color has-text-color has-link-color has-small-font-size wp-elements-835891378353ea6917213b3153d0450d\"><strong>Date de c\u00e9r\u00e9monie de prestation de serment <\/strong>: 18 d\u00e9cembre 2023<\/p>\n\n\n\n<p class=\"has-black-color has-text-color has-link-color has-small-font-size wp-elements-2b4586e7ce65647d333a926a9b2e5886\"><strong>Barreau d&#8217;affiliation<\/strong> : BLOIS (41)<\/p>\n\n\n\n<p class=\"has-black-color has-text-color has-link-color has-small-font-size wp-elements-7e17e5e382be92faa325668d1dcb1094\"><strong>Date de d\u00e9but d&#8217;exercice<\/strong> : 01 janvier 2024<\/p>\n\n\n\n<hr class=\"wp-block-separator aligncenter has-text-color has-custom-couleur-1-color has-alpha-channel-opacity has-custom-couleur-1-background-color has-background\"\/>\n\n\n\n<p class=\"has-black-color has-text-color has-link-color has-small-font-size wp-elements-99294e18ae879aad0f6b09b2329d938a\"><strong>Master Droit priv\u00e9, parcours contentieux <\/strong>&#8211; universit\u00e9 du Maine<\/p>\n\n\n\n<p class=\"has-black-color has-text-color has-link-color has-small-font-size wp-elements-5efcb3c40a840f2357da6bce81e0f720\"><strong>Dipl\u00f4me universitaire en criminologie<\/strong> &#8211; universit\u00e9 Paris 8<\/p>\n\n\n\n<p class=\"has-black-color has-text-color has-link-color has-small-font-size wp-elements-05f67f3b8dc3a0fdbc9b1d91bcabd4df\"><strong>Certificat d&#8217;Aptitude \u00e0 la Profession d&#8217;Avocat <\/strong>(CAPA)  &#8211; Ecole du Centre Ouest des Avocats (ECOA)<\/p>\n\n\n\n<hr class=\"wp-block-separator aligncenter has-text-color has-black-color has-alpha-channel-opacity has-black-background-color has-background\"\/>\n\n\n\n<p class=\"has-black-color has-text-color has-link-color has-small-font-size wp-elements-1994f1cd37f9f12d9b4bb2413e80397f\"><strong>Langue<\/strong> : anglais, espagnol<\/p>\n<\/div>\n<\/div>\n","protected":false},"excerpt":{"rendered":"<p>Ma\u00eetre Carole BOUCHER Date de c\u00e9r\u00e9monie de prestation de serment : 18 d\u00e9cembre 2023 Barreau d&#8217;affiliation : BLOIS (41) Date de d\u00e9but d&#8217;exercice : 01 janvier 2024 Master Droit priv\u00e9, parcours contentieux &#8211; universit\u00e9 du Maine Dipl\u00f4me universitaire en criminologie &#8211; universit\u00e9 Paris 8 Certificat d&#8217;Aptitude \u00e0 la Profession d&#8217;Avocat (CAPA) &#8211; Ecole du Centre [&hellip;]<\/p>\n","protected":false},"author":1,"featured_media":0,"parent":0,"menu_order":0,"comment_status":"closed","ping_status":"closed","template":"","meta":{"footnotes":""},"yoast_head":"<!-- This site is optimized with the Yoast SEO plugin v22.0 - https:\/\/yoast.com\/wordpress\/plugins\/seo\/ -->\n<title>En savoir plus - Ma\u00eetre Carole BOUCHER<\/title>\n<meta name=\"robots\" content=\"index, follow, max-snippet:-1, max-image-preview:large, max-video-preview:-1\" \/>\n<link rel=\"canonical\" href=\"https:\/\/carole-boucher-avocat.fr\/?page_id=273\" \/>\n<meta property=\"og:locale\" content=\"en_US\" \/>\n<meta property=\"og:type\" content=\"article\" \/>\n<meta property=\"og:title\" content=\"En savoir plus - Ma\u00eetre Carole BOUCHER\" \/>\n<meta property=\"og:description\" content=\"Ma\u00eetre Carole BOUCHER Date de c\u00e9r\u00e9monie de prestation de serment : 18 d\u00e9cembre 2023 Barreau d&#8217;affiliation : BLOIS (41) Date de d\u00e9but d&#8217;exercice : 01 janvier 2024 Master Droit priv\u00e9, parcours contentieux &#8211; universit\u00e9 du Maine Dipl\u00f4me universitaire en criminologie &#8211; universit\u00e9 Paris 8 Certificat d&#8217;Aptitude \u00e0 la Profession d&#8217;Avocat (CAPA) &#8211; Ecole du Centre [&hellip;]\" \/>\n<meta property=\"og:url\" content=\"https:\/\/carole-boucher-avocat.fr\/?page_id=273\" \/>\n<meta property=\"og:site_name\" content=\"Ma\u00eetre Carole BOUCHER\" \/>\n<meta property=\"article:modified_time\" content=\"2023-12-23T20:56:03+00:00\" \/>\n<meta property=\"og:image\" content=\"https:\/\/carole-boucher-avocat.fr\/wp-content\/uploads\/2023\/12\/thumbnail_IMG_8077-1-768x1024.jpg\" \/>\n<meta name=\"twitter:card\" content=\"summary_large_image\" \/>\n<script type=\"application\/ld+json\" class=\"yoast-schema-graph\">{\"@context\":\"https:\/\/schema.org\",\"@graph\":[{\"@type\":\"WebPage\",\"@id\":\"https:\/\/carole-boucher-avocat.fr\/?page_id=273\",\"url\":\"https:\/\/carole-boucher-avocat.fr\/?page_id=273\",\"name\":\"En savoir plus - Ma\u00eetre Carole BOUCHER\",\"isPartOf\":{\"@id\":\"https:\/\/carole-boucher-avocat.fr\/#website\"},\"datePublished\":\"2023-12-23T10:59:30+00:00\",\"dateModified\":\"2023-12-23T20:56:03+00:00\",\"breadcrumb\":{\"@id\":\"https:\/\/carole-boucher-avocat.fr\/?page_id=273#breadcrumb\"},\"inLanguage\":\"en-US\",\"potentialAction\":[{\"@type\":\"ReadAction\",\"target\":[\"https:\/\/carole-boucher-avocat.fr\/?page_id=273\"]}]},{\"@type\":\"BreadcrumbList\",\"@id\":\"https:\/\/carole-boucher-avocat.fr\/?page_id=273#breadcrumb\",\"itemListElement\":[{\"@type\":\"ListItem\",\"position\":1,\"name\":\"Accueil\",\"item\":\"https:\/\/carole-boucher-avocat.fr\/\"},{\"@type\":\"ListItem\",\"position\":2,\"name\":\"En savoir plus\"}]},{\"@type\":\"WebSite\",\"@id\":\"https:\/\/carole-boucher-avocat.fr\/#website\",\"url\":\"https:\/\/carole-boucher-avocat.fr\/\",\"name\":\"Ma\u00eetre Carole BOUCHER\",\"description\":\"\",\"publisher\":{\"@id\":\"https:\/\/carole-boucher-avocat.fr\/#\/schema\/person\/f13cebb8df70afa6d45888aac29c34c1\"},\"potentialAction\":[{\"@type\":\"SearchAction\",\"target\":{\"@type\":\"EntryPoint\",\"urlTemplate\":\"https:\/\/carole-boucher-avocat.fr\/?s={search_term_string}\"},\"query-input\":\"required name=search_term_string\"}],\"inLanguage\":\"en-US\"},{\"@type\":[\"Person\",\"Organization\"],\"@id\":\"https:\/\/carole-boucher-avocat.fr\/#\/schema\/person\/f13cebb8df70afa6d45888aac29c34c1\",\"name\":\"carole-boucher-avocat.fr\",\"image\":{\"@type\":\"ImageObject\",\"inLanguage\":\"en-US\",\"@id\":\"https:\/\/carole-boucher-avocat.fr\/#\/schema\/person\/image\/\",\"url\":\"https:\/\/carole-boucher-avocat.fr\/wp-content\/uploads\/2023\/12\/cropped-1-selectionne-1.png\",\"contentUrl\":\"https:\/\/carole-boucher-avocat.fr\/wp-content\/uploads\/2023\/12\/cropped-1-selectionne-1.png\",\"width\":240,\"height\":240,\"caption\":\"carole-boucher-avocat.fr\"},\"logo\":{\"@id\":\"https:\/\/carole-boucher-avocat.fr\/#\/schema\/person\/image\/\"},\"sameAs\":[\"http:\/\/carole-boucher-avocat.fr\"]}]}<\/script>\n<!-- \/ Yoast SEO plugin. -->","yoast_head_json":{"title":"En savoir plus - Ma\u00eetre Carole BOUCHER","robots":{"index":"index","follow":"follow","max-snippet":"max-snippet:-1","max-image-preview":"max-image-preview:large","max-video-preview":"max-video-preview:-1"},"canonical":"https:\/\/carole-boucher-avocat.fr\/?page_id=273","og_locale":"en_US","og_type":"article","og_title":"En savoir plus - Ma\u00eetre Carole BOUCHER","og_description":"Ma\u00eetre Carole BOUCHER Date de c\u00e9r\u00e9monie de prestation de serment : 18 d\u00e9cembre 2023 Barreau d&#8217;affiliation : BLOIS (41) Date de d\u00e9but d&#8217;exercice : 01 janvier 2024 Master Droit priv\u00e9, parcours contentieux &#8211; universit\u00e9 du Maine Dipl\u00f4me universitaire en criminologie &#8211; universit\u00e9 Paris 8 Certificat d&#8217;Aptitude \u00e0 la Profession d&#8217;Avocat (CAPA) &#8211; Ecole du Centre [&hellip;]","og_url":"https:\/\/carole-boucher-avocat.fr\/?page_id=273","og_site_name":"Ma\u00eetre Carole BOUCHER","article_modified_time":"2023-12-23T20:56:03+00:00","og_image":[{"url":"https:\/\/carole-boucher-avocat.fr\/wp-content\/uploads\/2023\/12\/thumbnail_IMG_8077-1-768x1024.jpg"}],"twitter_card":"summary_large_image","schema":{"@context":"https:\/\/schema.org","@graph":[{"@type":"WebPage","@id":"https:\/\/carole-boucher-avocat.fr\/?page_id=273","url":"https:\/\/carole-boucher-avocat.fr\/?page_id=273","name":"En savoir plus - Ma\u00eetre Carole BOUCHER","isPartOf":{"@id":"https:\/\/carole-boucher-avocat.fr\/#website"},"datePublished":"2023-12-23T10:59:30+00:00","dateModified":"2023-12-23T20:56:03+00:00","breadcrumb":{"@id":"https:\/\/carole-boucher-avocat.fr\/?page_id=273#breadcrumb"},"inLanguage":"en-US","potentialAction":[{"@type":"ReadAction","target":["https:\/\/carole-boucher-avocat.fr\/?page_id=273"]}]},{"@type":"BreadcrumbList","@id":"https:\/\/carole-boucher-avocat.fr\/?page_id=273#breadcrumb","itemListElement":[{"@type":"ListItem","position":1,"name":"Accueil","item":"https:\/\/carole-boucher-avocat.fr\/"},{"@type":"ListItem","position":2,"name":"En savoir plus"}]},{"@type":"WebSite","@id":"https:\/\/carole-boucher-avocat.fr\/#website","url":"https:\/\/carole-boucher-avocat.fr\/","name":"Ma\u00eetre Carole BOUCHER","description":"","publisher":{"@id":"https:\/\/carole-boucher-avocat.fr\/#\/schema\/person\/f13cebb8df70afa6d45888aac29c34c1"},"potentialAction":[{"@type":"SearchAction","target":{"@type":"EntryPoint","urlTemplate":"https:\/\/carole-boucher-avocat.fr\/?s={search_term_string}"},"query-input":"required name=search_term_string"}],"inLanguage":"en-US"},{"@type":["Person","Organization"],"@id":"https:\/\/carole-boucher-avocat.fr\/#\/schema\/person\/f13cebb8df70afa6d45888aac29c34c1","name":"carole-boucher-avocat.fr","image":{"@type":"ImageObject","inLanguage":"en-US","@id":"https:\/\/carole-boucher-avocat.fr\/#\/schema\/person\/image\/","url":"https:\/\/carole-boucher-avocat.fr\/wp-content\/uploads\/2023\/12\/cropped-1-selectionne-1.png","contentUrl":"https:\/\/carole-boucher-avocat.fr\/wp-content\/uploads\/2023\/12\/cropped-1-selectionne-1.png","width":240,"height":240,"caption":"carole-boucher-avocat.fr"},"logo":{"@id":"https:\/\/carole-boucher-avocat.fr\/#\/schema\/person\/image\/"},"sameAs":["http:\/\/carole-boucher-avocat.fr"]}]}},"_links":{"self":[{"href":"https:\/\/carole-boucher-avocat.fr\/index.php?rest_route=\/wp\/v2\/pages\/273"}],"collection":[{"href":"https:\/\/carole-boucher-avocat.fr\/index.php?rest_route=\/wp\/v2\/pages"}],"about":[{"href":"https:\/\/carole-boucher-avocat.fr\/index.php?rest_route=\/wp\/v2\/types\/page"}],"author":[{"embeddable":true,"href":"https:\/\/carole-boucher-avocat.fr\/index.php?rest_route=\/wp\/v2\/users\/1"}],"replies":[{"embeddable":true,"href":"https:\/\/carole-boucher-avocat.fr\/index.php?rest_route=%2Fwp%2Fv2%2Fcomments&post=273"}],"version-history":[{"count":6,"href":"https:\/\/carole-boucher-avocat.fr\/index.php?rest_route=\/wp\/v2\/pages\/273\/revisions"}],"predecessor-version":[{"id":336,"href":"https:\/\/carole-boucher-avocat.fr\/index.php?rest_route=\/wp\/v2\/pages\/273\/revisions\/336"}],"wp:attachment":[{"href":"https:\/\/carole-boucher-avocat.fr\/index.php?rest_route=%2Fwp%2Fv2%2Fmedia&parent=273"}],"curies":[{"name":"wp","href":"https:\/\/api.w.org\/{rel}","templated":true}]}}