{"id":310,"date":"2023-12-23T15:06:01","date_gmt":"2023-12-23T14:06:01","guid":{"rendered":"https:\/\/carole-boucher-avocat.fr\/?page_id=310"},"modified":"2023-12-23T21:49:02","modified_gmt":"2023-12-23T20:49:02","slug":"honoraires","status":"publish","type":"page","link":"https:\/\/carole-boucher-avocat.fr\/?page_id=310","title":{"rendered":"Honoraires"},"content":{"rendered":"\n<p class=\"has-black-color has-text-color has-link-color has-outfit-font-family has-small-font-size wp-elements-dfc2856630d542da585efa92b48d4e48\"><strong>La question des honoraires est librement \u00e9voqu\u00e9e<\/strong> lors du premier rendez-vous et en parfaite transparence.<\/p>\n\n\n\n<p class=\"has-black-color has-text-color has-link-color has-outfit-font-family has-small-font-size wp-elements-5f4336c57d2f1ec790c09ea58a675ccd\"><strong>Une convention d&#8217;honoraires<\/strong> vous est soumise conform\u00e9ment aux obligations d\u00e9ontologiques. Celle-ci pr\u00e9voit la mission de Ma\u00eetre Carole BOUCHER, les d\u00e9marches pr\u00e9visibles pour la d\u00e9fense de vos int\u00e9r\u00eats et le montant des honoraires convenu.<\/p>\n\n\n\n<p class=\"has-black-color has-text-color has-link-color has-outfit-font-family has-small-font-size wp-elements-ddf1b614acea183aab3f509a85c99197\">Les honoraires sont fix\u00e9s au regard des r\u00e8gles d\u00e9ontologiques et au plus pr\u00e8s de votre situation. Un honoraire de r\u00e9sultat peut \u00e9galement \u00eatre fix\u00e9 en fonction du type de dossier.<\/p>\n\n\n\n<p class=\"has-black-color has-text-color has-link-color has-outfit-font-family has-small-font-size wp-elements-848162ae4c49cdc967fa7047c6eb69fd\">Par ailleurs, Ma\u00eetre Carole BOUCHER <strong>accepte d&#8217;intervenir au titre de l&#8217;aide juridictionnelle<\/strong> selon le type de dossier et si votre situation le permet.<\/p>\n\n\n\n<div class=\"wp-block-buttons is-content-justification-right is-layout-flex wp-container-core-buttons-layout-1 wp-block-buttons-is-layout-flex\">\n<div class=\"wp-block-button\"><a class=\"wp-block-button__link has-text-align-right wp-element-button\" href=\"https:\/\/www.service-public.fr\/particuliers\/vosdroits\/F18074\" target=\"_blank\" rel=\"noreferrer noopener\">En savoir plus<\/a><\/div>\n<\/div>\n\n\n\n<hr class=\"wp-block-separator has-text-color has-black-color has-alpha-channel-opacity has-black-background-color has-background\"\/>\n\n\n\n<div class=\"wp-block-columns is-layout-flex wp-container-core-columns-layout-1 wp-block-columns-is-layout-flex\">\n<div class=\"wp-block-column has-border-color has-custom-couleur-1-border-color has-background is-layout-flow wp-block-column-is-layout-flow\" style=\"border-width:1px;background-color:#c5994f;padding-top:var(--wp--preset--spacing--20);padding-right:var(--wp--preset--spacing--40);padding-bottom:var(--wp--preset--spacing--20);padding-left:var(--wp--preset--spacing--40)\">\n<p class=\"has-text-align-center has-black-color has-text-color has-link-color has-small-font-size wp-elements-077071bb81ecb265a46c6d5e2f23a6e3\"><strong>\u2192<\/strong>\u00a0Si vous souhaitez b\u00e9n\u00e9ficier de l&#8217;aide juridictionnelle, Ma\u00eetre Carole BOUCHER vous invite \u00e0 remplir une demande d&#8217;aide juridictionnelle en ligne.<\/p>\n<\/div>\n<\/div>\n\n\n\n<div class=\"wp-block-columns is-layout-flex wp-container-core-columns-layout-2 wp-block-columns-is-layout-flex\">\n<div class=\"wp-block-column has-border-color has-black-border-color has-background is-layout-flow wp-block-column-is-layout-flow\" style=\"border-width:1px;background-color:#c5994f;padding-top:var(--wp--preset--spacing--20);padding-right:var(--wp--preset--spacing--40);padding-bottom:var(--wp--preset--spacing--20);padding-left:var(--wp--preset--spacing--40)\">\n<p class=\"has-text-align-center has-black-color has-text-color has-link-color has-small-font-size wp-elements-88c7e01a851a7fe4da14c8d36f7ea228\"><strong>\u2192<\/strong>&nbsp;L&#8217;aide juridictionnelle est attribu\u00e9e partiellement ou totalement, selon les ressources de votre foyer.<\/p>\n<\/div>\n<\/div>\n\n\n\n<hr class=\"wp-block-separator has-text-color has-black-color has-alpha-channel-opacity has-black-background-color has-background\"\/>\n\n\n\n<p class=\"has-black-color has-text-color has-link-color has-outfit-font-family has-small-font-size wp-elements-7aed12ba18a829f59b6d0dcb3f6610db\">Si besoin est et en cas de litige, vous pouvez saisir gratuitement<strong> le m\u00e9diateur national de la profession d&#8217;avocat<\/strong>, aupr\u00e8s du Conseil National des Barreaux.<\/p>\n\n\n\n<p class=\"has-black-color has-text-color has-link-color has-extra-small-font-size wp-elements-de57693e4778c3a2ce10420c9ce974b0\" style=\"line-height:1.5\"><strong>Madame Carole PASCAREL<\/strong>, m\u00e9diateur de la consommation de la profession d\u2019avocat<br>Adresse postale : CNB, 180 boulevard Haussmann \u2013 75008 PARIS<br>Adresse email :&nbsp;<a href=\"mailto:mediateur-conso@mediateur-consommation-avocat.fr\">mediateur-conso@mediateur-consommation-avocat.fr<\/a><br>Site Internet :&nbsp;<a href=\"https:\/\/mediateur-consommation-avocat.fr\/\" target=\"_blank\" rel=\"noreferrer noopener\">https:\/\/mediateur-consommation-avocat.fr<\/a><\/p>\n\n\n\n<p><\/p>\n","protected":false},"excerpt":{"rendered":"<p>La question des honoraires est librement \u00e9voqu\u00e9e lors du premier rendez-vous et en parfaite transparence. Une convention d&#8217;honoraires vous est soumise conform\u00e9ment aux obligations d\u00e9ontologiques. Celle-ci pr\u00e9voit la mission de Ma\u00eetre Carole BOUCHER, les d\u00e9marches pr\u00e9visibles pour la d\u00e9fense de vos int\u00e9r\u00eats et le montant des honoraires convenu. Les honoraires sont fix\u00e9s au regard des [&hellip;]<\/p>\n","protected":false},"author":1,"featured_media":0,"parent":0,"menu_order":0,"comment_status":"closed","ping_status":"closed","template":"","meta":{"footnotes":""},"yoast_head":"<!-- This site is optimized with the Yoast SEO plugin v22.0 - https:\/\/yoast.com\/wordpress\/plugins\/seo\/ -->\n<title>Honoraires - Ma\u00eetre Carole BOUCHER<\/title>\n<meta name=\"robots\" content=\"index, follow, max-snippet:-1, max-image-preview:large, max-video-preview:-1\" \/>\n<link rel=\"canonical\" href=\"https:\/\/carole-boucher-avocat.fr\/?page_id=310\" \/>\n<meta property=\"og:locale\" content=\"en_US\" \/>\n<meta property=\"og:type\" content=\"article\" \/>\n<meta property=\"og:title\" content=\"Honoraires - Ma\u00eetre Carole BOUCHER\" \/>\n<meta property=\"og:description\" content=\"La question des honoraires est librement \u00e9voqu\u00e9e lors du premier rendez-vous et en parfaite transparence. Une convention d&#8217;honoraires vous est soumise conform\u00e9ment aux obligations d\u00e9ontologiques. Celle-ci pr\u00e9voit la mission de Ma\u00eetre Carole BOUCHER, les d\u00e9marches pr\u00e9visibles pour la d\u00e9fense de vos int\u00e9r\u00eats et le montant des honoraires convenu. Les honoraires sont fix\u00e9s au regard des [&hellip;]\" \/>\n<meta property=\"og:url\" content=\"https:\/\/carole-boucher-avocat.fr\/?page_id=310\" \/>\n<meta property=\"og:site_name\" content=\"Ma\u00eetre Carole BOUCHER\" \/>\n<meta property=\"article:modified_time\" content=\"2023-12-23T20:49:02+00:00\" \/>\n<meta property=\"og:image\" content=\"https:\/\/carole-boucher-avocat.fr\/wp-content\/uploads\/2023\/12\/1-selectionne-2.png\" \/>\n\t<meta property=\"og:image:width\" content=\"500\" \/>\n\t<meta property=\"og:image:height\" content=\"500\" \/>\n\t<meta property=\"og:image:type\" content=\"image\/png\" \/>\n<meta name=\"twitter:card\" content=\"summary_large_image\" \/>\n<meta name=\"twitter:label1\" content=\"Est. reading time\" \/>\n\t<meta name=\"twitter:data1\" content=\"1 minute\" \/>\n<script type=\"application\/ld+json\" class=\"yoast-schema-graph\">{\"@context\":\"https:\/\/schema.org\",\"@graph\":[{\"@type\":\"WebPage\",\"@id\":\"https:\/\/carole-boucher-avocat.fr\/?page_id=310\",\"url\":\"https:\/\/carole-boucher-avocat.fr\/?page_id=310\",\"name\":\"Honoraires - Ma\u00eetre Carole BOUCHER\",\"isPartOf\":{\"@id\":\"https:\/\/carole-boucher-avocat.fr\/#website\"},\"datePublished\":\"2023-12-23T14:06:01+00:00\",\"dateModified\":\"2023-12-23T20:49:02+00:00\",\"breadcrumb\":{\"@id\":\"https:\/\/carole-boucher-avocat.fr\/?page_id=310#breadcrumb\"},\"inLanguage\":\"en-US\",\"potentialAction\":[{\"@type\":\"ReadAction\",\"target\":[\"https:\/\/carole-boucher-avocat.fr\/?page_id=310\"]}]},{\"@type\":\"BreadcrumbList\",\"@id\":\"https:\/\/carole-boucher-avocat.fr\/?page_id=310#breadcrumb\",\"itemListElement\":[{\"@type\":\"ListItem\",\"position\":1,\"name\":\"Accueil\",\"item\":\"https:\/\/carole-boucher-avocat.fr\/\"},{\"@type\":\"ListItem\",\"position\":2,\"name\":\"Honoraires\"}]},{\"@type\":\"WebSite\",\"@id\":\"https:\/\/carole-boucher-avocat.fr\/#website\",\"url\":\"https:\/\/carole-boucher-avocat.fr\/\",\"name\":\"Ma\u00eetre Carole BOUCHER\",\"description\":\"\",\"publisher\":{\"@id\":\"https:\/\/carole-boucher-avocat.fr\/#\/schema\/person\/f13cebb8df70afa6d45888aac29c34c1\"},\"potentialAction\":[{\"@type\":\"SearchAction\",\"target\":{\"@type\":\"EntryPoint\",\"urlTemplate\":\"https:\/\/carole-boucher-avocat.fr\/?s={search_term_string}\"},\"query-input\":\"required name=search_term_string\"}],\"inLanguage\":\"en-US\"},{\"@type\":[\"Person\",\"Organization\"],\"@id\":\"https:\/\/carole-boucher-avocat.fr\/#\/schema\/person\/f13cebb8df70afa6d45888aac29c34c1\",\"name\":\"carole-boucher-avocat.fr\",\"image\":{\"@type\":\"ImageObject\",\"inLanguage\":\"en-US\",\"@id\":\"https:\/\/carole-boucher-avocat.fr\/#\/schema\/person\/image\/\",\"url\":\"https:\/\/carole-boucher-avocat.fr\/wp-content\/uploads\/2023\/12\/cropped-1-selectionne-1.png\",\"contentUrl\":\"https:\/\/carole-boucher-avocat.fr\/wp-content\/uploads\/2023\/12\/cropped-1-selectionne-1.png\",\"width\":240,\"height\":240,\"caption\":\"carole-boucher-avocat.fr\"},\"logo\":{\"@id\":\"https:\/\/carole-boucher-avocat.fr\/#\/schema\/person\/image\/\"},\"sameAs\":[\"http:\/\/carole-boucher-avocat.fr\"]}]}<\/script>\n<!-- \/ Yoast SEO plugin. -->","yoast_head_json":{"title":"Honoraires - Ma\u00eetre Carole BOUCHER","robots":{"index":"index","follow":"follow","max-snippet":"max-snippet:-1","max-image-preview":"max-image-preview:large","max-video-preview":"max-video-preview:-1"},"canonical":"https:\/\/carole-boucher-avocat.fr\/?page_id=310","og_locale":"en_US","og_type":"article","og_title":"Honoraires - Ma\u00eetre Carole BOUCHER","og_description":"La question des honoraires est librement \u00e9voqu\u00e9e lors du premier rendez-vous et en parfaite transparence. Une convention d&#8217;honoraires vous est soumise conform\u00e9ment aux obligations d\u00e9ontologiques. Celle-ci pr\u00e9voit la mission de Ma\u00eetre Carole BOUCHER, les d\u00e9marches pr\u00e9visibles pour la d\u00e9fense de vos int\u00e9r\u00eats et le montant des honoraires convenu. Les honoraires sont fix\u00e9s au regard des [&hellip;]","og_url":"https:\/\/carole-boucher-avocat.fr\/?page_id=310","og_site_name":"Ma\u00eetre Carole BOUCHER","article_modified_time":"2023-12-23T20:49:02+00:00","og_image":[{"width":500,"height":500,"url":"https:\/\/carole-boucher-avocat.fr\/wp-content\/uploads\/2023\/12\/1-selectionne-2.png","type":"image\/png"}],"twitter_card":"summary_large_image","twitter_misc":{"Est. reading time":"1 minute"},"schema":{"@context":"https:\/\/schema.org","@graph":[{"@type":"WebPage","@id":"https:\/\/carole-boucher-avocat.fr\/?page_id=310","url":"https:\/\/carole-boucher-avocat.fr\/?page_id=310","name":"Honoraires - Ma\u00eetre Carole BOUCHER","isPartOf":{"@id":"https:\/\/carole-boucher-avocat.fr\/#website"},"datePublished":"2023-12-23T14:06:01+00:00","dateModified":"2023-12-23T20:49:02+00:00","breadcrumb":{"@id":"https:\/\/carole-boucher-avocat.fr\/?page_id=310#breadcrumb"},"inLanguage":"en-US","potentialAction":[{"@type":"ReadAction","target":["https:\/\/carole-boucher-avocat.fr\/?page_id=310"]}]},{"@type":"BreadcrumbList","@id":"https:\/\/carole-boucher-avocat.fr\/?page_id=310#breadcrumb","itemListElement":[{"@type":"ListItem","position":1,"name":"Accueil","item":"https:\/\/carole-boucher-avocat.fr\/"},{"@type":"ListItem","position":2,"name":"Honoraires"}]},{"@type":"WebSite","@id":"https:\/\/carole-boucher-avocat.fr\/#website","url":"https:\/\/carole-boucher-avocat.fr\/","name":"Ma\u00eetre Carole BOUCHER","description":"","publisher":{"@id":"https:\/\/carole-boucher-avocat.fr\/#\/schema\/person\/f13cebb8df70afa6d45888aac29c34c1"},"potentialAction":[{"@type":"SearchAction","target":{"@type":"EntryPoint","urlTemplate":"https:\/\/carole-boucher-avocat.fr\/?s={search_term_string}"},"query-input":"required name=search_term_string"}],"inLanguage":"en-US"},{"@type":["Person","Organization"],"@id":"https:\/\/carole-boucher-avocat.fr\/#\/schema\/person\/f13cebb8df70afa6d45888aac29c34c1","name":"carole-boucher-avocat.fr","image":{"@type":"ImageObject","inLanguage":"en-US","@id":"https:\/\/carole-boucher-avocat.fr\/#\/schema\/person\/image\/","url":"https:\/\/carole-boucher-avocat.fr\/wp-content\/uploads\/2023\/12\/cropped-1-selectionne-1.png","contentUrl":"https:\/\/carole-boucher-avocat.fr\/wp-content\/uploads\/2023\/12\/cropped-1-selectionne-1.png","width":240,"height":240,"caption":"carole-boucher-avocat.fr"},"logo":{"@id":"https:\/\/carole-boucher-avocat.fr\/#\/schema\/person\/image\/"},"sameAs":["http:\/\/carole-boucher-avocat.fr"]}]}},"_links":{"self":[{"href":"https:\/\/carole-boucher-avocat.fr\/index.php?rest_route=\/wp\/v2\/pages\/310"}],"collection":[{"href":"https:\/\/carole-boucher-avocat.fr\/index.php?rest_route=\/wp\/v2\/pages"}],"about":[{"href":"https:\/\/carole-boucher-avocat.fr\/index.php?rest_route=\/wp\/v2\/types\/page"}],"author":[{"embeddable":true,"href":"https:\/\/carole-boucher-avocat.fr\/index.php?rest_route=\/wp\/v2\/users\/1"}],"replies":[{"embeddable":true,"href":"https:\/\/carole-boucher-avocat.fr\/index.php?rest_route=%2Fwp%2Fv2%2Fcomments&post=310"}],"version-history":[{"count":6,"href":"https:\/\/carole-boucher-avocat.fr\/index.php?rest_route=\/wp\/v2\/pages\/310\/revisions"}],"predecessor-version":[{"id":335,"href":"https:\/\/carole-boucher-avocat.fr\/index.php?rest_route=\/wp\/v2\/pages\/310\/revisions\/335"}],"wp:attachment":[{"href":"https:\/\/carole-boucher-avocat.fr\/index.php?rest_route=%2Fwp%2Fv2%2Fmedia&parent=310"}],"curies":[{"name":"wp","href":"https:\/\/api.w.org\/{rel}","templated":true}]}}