{"id":54,"date":"2023-12-17T11:38:02","date_gmt":"2023-12-17T10:38:02","guid":{"rendered":"https:\/\/carole-boucher-avocat.fr\/?page_id=54"},"modified":"2024-01-02T15:07:54","modified_gmt":"2024-01-02T14:07:54","slug":"documents-utiles","status":"publish","type":"page","link":"https:\/\/carole-boucher-avocat.fr\/?page_id=54","title":{"rendered":"Documents utiles"},"content":{"rendered":"\n<div class=\"wp-block-columns is-layout-flex wp-container-core-columns-layout-1 wp-block-columns-is-layout-flex\">\n<div class=\"wp-block-column is-layout-flow wp-block-column-is-layout-flow\">\n<h2 class=\"wp-block-heading\">Droit de la famille<\/h2>\n\n\n\n<blockquote class=\"wp-block-quote is-style-default has-black-color has-base-background-color has-text-color has-background has-link-color has-medium-font-size wp-elements-3c894c4d12c9f2b11404eb0b22723008\">\n<p class=\"has-text-color has-link-color has-outfit-font-family has-regular-font-size wp-elements-6dfa9a900f30cf5d59d884a362ee2cff\" style=\"color:#c68939;font-style:italic;font-weight:300\">Vous souhaitez divorcer ? Saisir le juge aux affaires familiales ? Le juge aux enfants ?<\/p>\n<cite>Ma\u00eetre Carole BOUCHER vous remercie de bien vouloir r\u00e9unir les pi\u00e8ces suivantes afin de compl\u00e9ter votre dossier.<\/cite><\/blockquote>\n\n\n\n<p class=\"has-text-align-center has-outfit-font-family has-large-font-size\">\u2192 Attestation en justice<\/p>\n\n\n\n<p class=\"has-black-color has-text-color has-background has-link-color has-small-font-size wp-elements-15404a04458eb683b52fe92ecdf8450f\" style=\"background-color:#c9954f\">L&#8217;attestation en justice doit \u00eatre dat\u00e9e et sign\u00e9e par son auteur.<\/p>\n\n\n\n<p class=\"has-black-color has-text-color has-background has-link-color has-small-font-size wp-elements-83b1e4e3763b033e71f89f25d21e4abb\" style=\"background-color:#c9954f\">La copie recto\/verso de la carte d&#8217;identit\u00e9 de l&#8217;auteur de l&#8217;attestation en justice doit \u00eatre communiqu\u00e9e.<\/p>\n<\/div>\n\n\n\n<div class=\"wp-block-column has-base-color has-primary-background-color has-text-color has-background has-link-color wp-elements-6b1675786318273d4bdcc0c8d1b584d1 is-layout-flow wp-block-column-is-layout-flow\" style=\"padding-top:var(--wp--preset--spacing--20);padding-right:var(--wp--preset--spacing--40);padding-bottom:var(--wp--preset--spacing--20);padding-left:var(--wp--preset--spacing--40)\">\n<p class=\"has-text-align-center has-text-color has-link-color has-outfit-font-family has-large-font-size wp-elements-f594dd43651ecdc61276b3e5a2c78bc1\" style=\"color:#c5994f;font-style:normal;font-weight:400;text-decoration:underline\">Pi\u00e8ces utiles :<\/p>\n\n\n\n<p class=\"has-medium-font-size\">Etat civil<\/p>\n\n\n\n<ul>\n<li class=\"has-small-font-size\">Extrait de votre acte de naissance<\/li>\n\n\n\n<li class=\"has-small-font-size\">Copie recto\/verso de la carte de naissance<\/li>\n\n\n\n<li class=\"has-small-font-size\">Copie du livret de famille<\/li>\n\n\n\n<li class=\"has-small-font-size\">Copie int\u00e9grale des actes de naissance de vos enfants <\/li>\n\n\n\n<li class=\"has-small-font-size\">Copie du contrat de mariage<\/li>\n\n\n\n<li class=\"has-small-font-size\">Copie de la carte vitale<\/li>\n<\/ul>\n\n\n\n<p class=\"has-medium-font-size\">Ressources<\/p>\n\n\n\n<ul>\n<li class=\"has-small-font-size\">Dernier avis d&#8217;imp\u00f4t sur les revenus <\/li>\n\n\n\n<li class=\"has-small-font-size\">Bulletin de salaire (3 derniers mois)<\/li>\n\n\n\n<li class=\"has-small-font-size\">Attestation p\u00f4le emploi<\/li>\n\n\n\n<li class=\"has-small-font-size\">Attestation CAF<\/li>\n<\/ul>\n\n\n\n<p class=\"has-medium-font-size\">Charges<\/p>\n\n\n\n<ul>\n<li class=\"has-small-font-size\">Quittance de loyer \/ Avis de taxe fonci\u00e8re<\/li>\n\n\n\n<li class=\"has-small-font-size\">Factures d&#8217;\u00e9lectricit\u00e9, de gaz, eau, t\u00e9l\u00e9phonique<\/li>\n\n\n\n<li class=\"has-small-font-size\">Ech\u00e9ancier d&#8217;assurance<\/li>\n\n\n\n<li class=\"has-small-font-size\">Tableau d&#8217;amortissement &#8211; cr\u00e9dit<\/li>\n<\/ul>\n<\/div>\n<\/div>\n\n\n\n<hr class=\"wp-block-separator has-text-color has-custom-couleur-1-color has-alpha-channel-opacity has-custom-couleur-1-background-color has-background\"\/>\n\n\n\n<hr class=\"wp-block-separator has-alpha-channel-opacity\"\/>\n\n\n\n<div class=\"wp-block-columns is-layout-flex wp-container-core-columns-layout-2 wp-block-columns-is-layout-flex\">\n<div class=\"wp-block-column has-base-color has-primary-background-color has-text-color has-background has-link-color wp-elements-c0e99909b5e8f2164ab5f7e100aca363 is-layout-flow wp-block-column-is-layout-flow\" style=\"padding-top:var(--wp--preset--spacing--20);padding-right:var(--wp--preset--spacing--50);padding-bottom:var(--wp--preset--spacing--20);padding-left:var(--wp--preset--spacing--50)\">\n<p class=\"has-text-align-center has-text-color has-link-color has-outfit-font-family has-large-font-size wp-elements-8dfd75431dc14d9ffc224f4c6ae0cce6\" style=\"color:#c9945f;text-decoration:underline\">Pi\u00e8ces utiles :<\/p>\n\n\n\n<ul>\n<li class=\"has-small-font-size\">Carte d&#8217;identit\u00e9<\/li>\n\n\n\n<li class=\"has-small-font-size\">Convocation devant le Tribunal<\/li>\n\n\n\n<li class=\"has-small-font-size\">Si vous \u00eates victime, des justificatifs de vos pr\u00e9judices (certificat m\u00e9dical&#8230;)<\/li>\n\n\n\n<li class=\"has-small-font-size\">Justificatif de vos ressources et charges<\/li>\n<\/ul>\n<\/div>\n\n\n\n<div class=\"wp-block-column is-layout-flow wp-block-column-is-layout-flow\">\n<h2 class=\"wp-block-heading\">Droit p\u00e9nal<\/h2>\n\n\n\n<blockquote class=\"wp-block-quote is-style-default has-black-color has-base-background-color has-text-color has-background has-link-color has-outfit-font-family has-medium-font-size wp-elements-84f2b3e70a7eb5a5cb1212e520474739\" style=\"font-style:normal;font-weight:400\">\n<p class=\"has-text-color has-link-color has-outfit-font-family has-regular-font-size wp-elements-2d816e1d1c26c8934e79a3edaf973066\" style=\"color:#bf8d4c;font-style:italic;font-weight:300\">Vous avez re\u00e7u une convocation devant le Tribunal de police ? le Tribunal correctionnel ? La Cour d&#8217;assises ?<\/p>\n<cite>Ma\u00eetre Carole BOUCHER vous remercie de bien vouloir amener les pi\u00e8ces suivantes au premier rendez-vous.<\/cite><\/blockquote>\n<\/div>\n<\/div>\n","protected":false},"excerpt":{"rendered":"<p>Droit de la famille Vous souhaitez divorcer ? Saisir le juge aux affaires familiales ? Le juge aux enfants ? \u2192 Attestation en justice L&#8217;attestation en justice doit \u00eatre dat\u00e9e et sign\u00e9e par son auteur. La copie recto\/verso de la carte d&#8217;identit\u00e9 de l&#8217;auteur de l&#8217;attestation en justice doit \u00eatre communiqu\u00e9e. Pi\u00e8ces utiles : Etat [&hellip;]<\/p>\n","protected":false},"author":1,"featured_media":0,"parent":186,"menu_order":0,"comment_status":"closed","ping_status":"closed","template":"","meta":{"footnotes":""},"yoast_head":"<!-- This site is optimized with the Yoast SEO plugin v22.0 - https:\/\/yoast.com\/wordpress\/plugins\/seo\/ -->\n<title>Documents utiles - Ma\u00eetre Carole BOUCHER<\/title>\n<meta name=\"robots\" content=\"index, follow, max-snippet:-1, max-image-preview:large, max-video-preview:-1\" \/>\n<link rel=\"canonical\" href=\"https:\/\/carole-boucher-avocat.fr\/?page_id=54\" \/>\n<meta property=\"og:locale\" content=\"en_US\" \/>\n<meta property=\"og:type\" content=\"article\" \/>\n<meta property=\"og:title\" content=\"Documents utiles - Ma\u00eetre Carole BOUCHER\" \/>\n<meta property=\"og:description\" content=\"Droit de la famille Vous souhaitez divorcer ? Saisir le juge aux affaires familiales ? Le juge aux enfants ? \u2192 Attestation en justice L&#8217;attestation en justice doit \u00eatre dat\u00e9e et sign\u00e9e par son auteur. La copie recto\/verso de la carte d&#8217;identit\u00e9 de l&#8217;auteur de l&#8217;attestation en justice doit \u00eatre communiqu\u00e9e. Pi\u00e8ces utiles : Etat [&hellip;]\" \/>\n<meta property=\"og:url\" content=\"https:\/\/carole-boucher-avocat.fr\/?page_id=54\" \/>\n<meta property=\"og:site_name\" content=\"Ma\u00eetre Carole BOUCHER\" \/>\n<meta property=\"article:modified_time\" content=\"2024-01-02T14:07:54+00:00\" \/>\n<meta property=\"og:image\" content=\"https:\/\/carole-boucher-avocat.fr\/wp-content\/uploads\/2023\/12\/1-selectionne-2.png\" \/>\n\t<meta property=\"og:image:width\" content=\"500\" \/>\n\t<meta property=\"og:image:height\" content=\"500\" \/>\n\t<meta property=\"og:image:type\" content=\"image\/png\" \/>\n<meta name=\"twitter:card\" content=\"summary_large_image\" \/>\n<meta name=\"twitter:label1\" content=\"Est. reading time\" \/>\n\t<meta name=\"twitter:data1\" content=\"1 minute\" \/>\n<script type=\"application\/ld+json\" class=\"yoast-schema-graph\">{\"@context\":\"https:\/\/schema.org\",\"@graph\":[{\"@type\":\"WebPage\",\"@id\":\"https:\/\/carole-boucher-avocat.fr\/?page_id=54\",\"url\":\"https:\/\/carole-boucher-avocat.fr\/?page_id=54\",\"name\":\"Documents utiles - Ma\u00eetre Carole BOUCHER\",\"isPartOf\":{\"@id\":\"https:\/\/carole-boucher-avocat.fr\/#website\"},\"datePublished\":\"2023-12-17T10:38:02+00:00\",\"dateModified\":\"2024-01-02T14:07:54+00:00\",\"breadcrumb\":{\"@id\":\"https:\/\/carole-boucher-avocat.fr\/?page_id=54#breadcrumb\"},\"inLanguage\":\"en-US\",\"potentialAction\":[{\"@type\":\"ReadAction\",\"target\":[\"https:\/\/carole-boucher-avocat.fr\/?page_id=54\"]}]},{\"@type\":\"BreadcrumbList\",\"@id\":\"https:\/\/carole-boucher-avocat.fr\/?page_id=54#breadcrumb\",\"itemListElement\":[{\"@type\":\"ListItem\",\"position\":1,\"name\":\"Accueil\",\"item\":\"https:\/\/carole-boucher-avocat.fr\/\"},{\"@type\":\"ListItem\",\"position\":2,\"name\":\"Page title\",\"item\":\"https:\/\/carole-boucher-avocat.fr\/?page_id=186\"},{\"@type\":\"ListItem\",\"position\":3,\"name\":\"Documents utiles\"}]},{\"@type\":\"WebSite\",\"@id\":\"https:\/\/carole-boucher-avocat.fr\/#website\",\"url\":\"https:\/\/carole-boucher-avocat.fr\/\",\"name\":\"Ma\u00eetre Carole BOUCHER\",\"description\":\"\",\"publisher\":{\"@id\":\"https:\/\/carole-boucher-avocat.fr\/#\/schema\/person\/f13cebb8df70afa6d45888aac29c34c1\"},\"potentialAction\":[{\"@type\":\"SearchAction\",\"target\":{\"@type\":\"EntryPoint\",\"urlTemplate\":\"https:\/\/carole-boucher-avocat.fr\/?s={search_term_string}\"},\"query-input\":\"required name=search_term_string\"}],\"inLanguage\":\"en-US\"},{\"@type\":[\"Person\",\"Organization\"],\"@id\":\"https:\/\/carole-boucher-avocat.fr\/#\/schema\/person\/f13cebb8df70afa6d45888aac29c34c1\",\"name\":\"carole-boucher-avocat.fr\",\"image\":{\"@type\":\"ImageObject\",\"inLanguage\":\"en-US\",\"@id\":\"https:\/\/carole-boucher-avocat.fr\/#\/schema\/person\/image\/\",\"url\":\"https:\/\/carole-boucher-avocat.fr\/wp-content\/uploads\/2023\/12\/cropped-1-selectionne-1.png\",\"contentUrl\":\"https:\/\/carole-boucher-avocat.fr\/wp-content\/uploads\/2023\/12\/cropped-1-selectionne-1.png\",\"width\":240,\"height\":240,\"caption\":\"carole-boucher-avocat.fr\"},\"logo\":{\"@id\":\"https:\/\/carole-boucher-avocat.fr\/#\/schema\/person\/image\/\"},\"sameAs\":[\"http:\/\/carole-boucher-avocat.fr\"]}]}<\/script>\n<!-- \/ Yoast SEO plugin. -->","yoast_head_json":{"title":"Documents utiles - Ma\u00eetre Carole BOUCHER","robots":{"index":"index","follow":"follow","max-snippet":"max-snippet:-1","max-image-preview":"max-image-preview:large","max-video-preview":"max-video-preview:-1"},"canonical":"https:\/\/carole-boucher-avocat.fr\/?page_id=54","og_locale":"en_US","og_type":"article","og_title":"Documents utiles - Ma\u00eetre Carole BOUCHER","og_description":"Droit de la famille Vous souhaitez divorcer ? Saisir le juge aux affaires familiales ? Le juge aux enfants ? \u2192 Attestation en justice L&#8217;attestation en justice doit \u00eatre dat\u00e9e et sign\u00e9e par son auteur. La copie recto\/verso de la carte d&#8217;identit\u00e9 de l&#8217;auteur de l&#8217;attestation en justice doit \u00eatre communiqu\u00e9e. Pi\u00e8ces utiles : Etat [&hellip;]","og_url":"https:\/\/carole-boucher-avocat.fr\/?page_id=54","og_site_name":"Ma\u00eetre Carole BOUCHER","article_modified_time":"2024-01-02T14:07:54+00:00","og_image":[{"width":500,"height":500,"url":"https:\/\/carole-boucher-avocat.fr\/wp-content\/uploads\/2023\/12\/1-selectionne-2.png","type":"image\/png"}],"twitter_card":"summary_large_image","twitter_misc":{"Est. reading time":"1 minute"},"schema":{"@context":"https:\/\/schema.org","@graph":[{"@type":"WebPage","@id":"https:\/\/carole-boucher-avocat.fr\/?page_id=54","url":"https:\/\/carole-boucher-avocat.fr\/?page_id=54","name":"Documents utiles - Ma\u00eetre Carole BOUCHER","isPartOf":{"@id":"https:\/\/carole-boucher-avocat.fr\/#website"},"datePublished":"2023-12-17T10:38:02+00:00","dateModified":"2024-01-02T14:07:54+00:00","breadcrumb":{"@id":"https:\/\/carole-boucher-avocat.fr\/?page_id=54#breadcrumb"},"inLanguage":"en-US","potentialAction":[{"@type":"ReadAction","target":["https:\/\/carole-boucher-avocat.fr\/?page_id=54"]}]},{"@type":"BreadcrumbList","@id":"https:\/\/carole-boucher-avocat.fr\/?page_id=54#breadcrumb","itemListElement":[{"@type":"ListItem","position":1,"name":"Accueil","item":"https:\/\/carole-boucher-avocat.fr\/"},{"@type":"ListItem","position":2,"name":"Page title","item":"https:\/\/carole-boucher-avocat.fr\/?page_id=186"},{"@type":"ListItem","position":3,"name":"Documents utiles"}]},{"@type":"WebSite","@id":"https:\/\/carole-boucher-avocat.fr\/#website","url":"https:\/\/carole-boucher-avocat.fr\/","name":"Ma\u00eetre Carole BOUCHER","description":"","publisher":{"@id":"https:\/\/carole-boucher-avocat.fr\/#\/schema\/person\/f13cebb8df70afa6d45888aac29c34c1"},"potentialAction":[{"@type":"SearchAction","target":{"@type":"EntryPoint","urlTemplate":"https:\/\/carole-boucher-avocat.fr\/?s={search_term_string}"},"query-input":"required name=search_term_string"}],"inLanguage":"en-US"},{"@type":["Person","Organization"],"@id":"https:\/\/carole-boucher-avocat.fr\/#\/schema\/person\/f13cebb8df70afa6d45888aac29c34c1","name":"carole-boucher-avocat.fr","image":{"@type":"ImageObject","inLanguage":"en-US","@id":"https:\/\/carole-boucher-avocat.fr\/#\/schema\/person\/image\/","url":"https:\/\/carole-boucher-avocat.fr\/wp-content\/uploads\/2023\/12\/cropped-1-selectionne-1.png","contentUrl":"https:\/\/carole-boucher-avocat.fr\/wp-content\/uploads\/2023\/12\/cropped-1-selectionne-1.png","width":240,"height":240,"caption":"carole-boucher-avocat.fr"},"logo":{"@id":"https:\/\/carole-boucher-avocat.fr\/#\/schema\/person\/image\/"},"sameAs":["http:\/\/carole-boucher-avocat.fr"]}]}},"_links":{"self":[{"href":"https:\/\/carole-boucher-avocat.fr\/index.php?rest_route=\/wp\/v2\/pages\/54"}],"collection":[{"href":"https:\/\/carole-boucher-avocat.fr\/index.php?rest_route=\/wp\/v2\/pages"}],"about":[{"href":"https:\/\/carole-boucher-avocat.fr\/index.php?rest_route=\/wp\/v2\/types\/page"}],"author":[{"embeddable":true,"href":"https:\/\/carole-boucher-avocat.fr\/index.php?rest_route=\/wp\/v2\/users\/1"}],"replies":[{"embeddable":true,"href":"https:\/\/carole-boucher-avocat.fr\/index.php?rest_route=%2Fwp%2Fv2%2Fcomments&post=54"}],"version-history":[{"count":8,"href":"https:\/\/carole-boucher-avocat.fr\/index.php?rest_route=\/wp\/v2\/pages\/54\/revisions"}],"predecessor-version":[{"id":338,"href":"https:\/\/carole-boucher-avocat.fr\/index.php?rest_route=\/wp\/v2\/pages\/54\/revisions\/338"}],"up":[{"embeddable":true,"href":"https:\/\/carole-boucher-avocat.fr\/index.php?rest_route=\/wp\/v2\/pages\/186"}],"wp:attachment":[{"href":"https:\/\/carole-boucher-avocat.fr\/index.php?rest_route=%2Fwp%2Fv2%2Fmedia&parent=54"}],"curies":[{"name":"wp","href":"https:\/\/api.w.org\/{rel}","templated":true}]}}